{"id":91,"date":"2026-02-10T17:11:14","date_gmt":"2026-02-10T17:11:14","guid":{"rendered":"https:\/\/apotheke-am-rheumazentrum.de\/?page_id=91"},"modified":"2026-02-10T18:27:21","modified_gmt":"2026-02-10T18:27:21","slug":"begleitende-beratung","status":"publish","type":"page","link":"https:\/\/apotheke-am-rheumazentrum.de\/index.php\/begleitende-beratung\/","title":{"rendered":"Begleitende Beratung"},"content":{"rendered":"<h2 data-start=\"273\" data-end=\"300\"><strong data-start=\"276\" data-end=\"300\">Begleitende Beratung<\/strong><\/h2>\n<h3 data-start=\"302\" data-end=\"355\">Verl\u00e4ssliche Unterst\u00fctzung w\u00e4hrend Ihrer Therapie<\/h3>\n<p data-start=\"357\" data-end=\"750\">Eine erfolgreiche Therapie endet nicht mit der Verordnung eines Medikaments. Gerade bei chronischen und rheumatischen Erkrankungen ist eine kontinuierliche, begleitende Beratung entscheidend, um Sicherheit, Verst\u00e4ndnis und Vertrauen im Alltag zu schaffen. In der <strong data-start=\"620\" data-end=\"675\">Apotheke am RheumaZentrum Athanassios Kiroudis e.K.<\/strong> stehen wir Ihnen w\u00e4hrend des gesamten Therapieverlaufs beratend zur Seite.<\/p>\n<p data-start=\"752\" data-end=\"891\">Unsere begleitende Beratung erg\u00e4nzt die \u00e4rztliche Behandlung und unterst\u00fctzt Sie dabei, Ihre Therapie sicher und gut informiert umzusetzen.<\/p>\n<hr data-start=\"893\" data-end=\"896\" \/>\n<h3 data-start=\"898\" data-end=\"943\">Warum begleitende Beratung so wichtig ist<\/h3>\n<p data-start=\"945\" data-end=\"1173\">Therapien ver\u00e4ndern sich: Medikamente werden angepasst, Dosierungen ge\u00e4ndert oder neue Wirkstoffe erg\u00e4nzt. Gleichzeitig stellen sich im Alltag oft Fragen, die im \u00e4rztlichen Gespr\u00e4ch nicht immer vollst\u00e4ndig gekl\u00e4rt werden k\u00f6nnen.<\/p>\n<p data-start=\"1175\" data-end=\"1214\">Begleitende Beratung hilft Ihnen dabei:<\/p>\n<ul data-start=\"1215\" data-end=\"1366\">\n<li data-start=\"1215\" data-end=\"1243\">\n<p data-start=\"1217\" data-end=\"1243\">Unsicherheiten abzubauen<\/p>\n<\/li>\n<li data-start=\"1244\" data-end=\"1281\">\n<p data-start=\"1246\" data-end=\"1281\">Ver\u00e4nderungen besser zu verstehen<\/p>\n<\/li>\n<li data-start=\"1282\" data-end=\"1321\">\n<p data-start=\"1284\" data-end=\"1321\">Ihre Medikamente korrekt anzuwenden<\/p>\n<\/li>\n<li data-start=\"1322\" data-end=\"1366\">\n<p data-start=\"1324\" data-end=\"1366\">Vertrauen in Ihre Therapie zu entwickeln<\/p>\n<\/li>\n<\/ul>\n<p data-start=\"1368\" data-end=\"1492\">Gerade bei langfristigen Erkrankungen ist diese kontinuierliche Unterst\u00fctzung ein wichtiger Bestandteil des Therapieerfolgs.<\/p>\n<hr data-start=\"1494\" data-end=\"1497\" \/>\n<h3 data-start=\"1499\" data-end=\"1553\">Unterst\u00fctzung im Alltag mit chronischer Erkrankung<\/h3>\n<p data-start=\"1555\" data-end=\"1742\">Chronische und rheumatische Erkrankungen begleiten viele Menschen \u00fcber Jahre. Neben der medikament\u00f6sen Therapie spielen Alltagstauglichkeit, Struktur und Orientierung eine zentrale Rolle.<\/p>\n<p data-start=\"1744\" data-end=\"1783\">Wir unterst\u00fctzen Sie unter anderem bei:<\/p>\n<ul data-start=\"1784\" data-end=\"1944\">\n<li data-start=\"1784\" data-end=\"1822\">\n<p data-start=\"1786\" data-end=\"1822\">neuen oder ge\u00e4nderten Verordnungen<\/p>\n<\/li>\n<li data-start=\"1823\" data-end=\"1860\">\n<p data-start=\"1825\" data-end=\"1860\">Fragen zur Einnahme und Anwendung<\/p>\n<\/li>\n<li data-start=\"1861\" data-end=\"1894\">\n<p data-start=\"1863\" data-end=\"1894\">dem Umgang mit Nebenwirkungen<\/p>\n<\/li>\n<li data-start=\"1895\" data-end=\"1944\">\n<p data-start=\"1897\" data-end=\"1944\">der sicheren Kombination mehrerer Medikamente<\/p>\n<\/li>\n<\/ul>\n<p data-start=\"1946\" data-end=\"2051\">Dabei nehmen wir uns Zeit f\u00fcr Ihre individuellen Anliegen und beraten Sie verst\u00e4ndlich und auf Augenh\u00f6he.<\/p>\n<p data-start=\"2053\" data-end=\"2086\"><strong data-start=\"2056\" data-end=\"2084\">Erg\u00e4nzend empfehlen wir:<\/strong><\/p>\n<ul data-start=\"2087\" data-end=\"2110\">\n<li data-start=\"2087\" data-end=\"2110\">\n<p data-start=\"2089\" data-end=\"2110\"><a href=\"https:\/\/apotheke-am-rheumazentrum.de\/index.php\/medikationsberatung\/\"><em data-start=\"2089\" data-end=\"2110\">Medikationsberatung<\/em><\/a><\/p>\n<\/li>\n<\/ul>\n<hr data-start=\"2112\" data-end=\"2115\" \/>\n<h3 data-start=\"2117\" data-end=\"2169\">Begleitende Beratung bei moderner Rheumatherapie<\/h3>\n<p data-start=\"2171\" data-end=\"2365\">Moderne Rheumatherapien bieten gro\u00dfe Chancen, bringen aber auch besondere Anforderungen mit sich. Dazu z\u00e4hlen genaue Einnahmepl\u00e4ne, besondere Lagerbedingungen oder begleitende Kontrollma\u00dfnahmen.<\/p>\n<p data-start=\"2367\" data-end=\"2407\">Unsere begleitende Beratung hilft Ihnen:<\/p>\n<ul data-start=\"2408\" data-end=\"2551\">\n<li data-start=\"2408\" data-end=\"2445\">\n<p data-start=\"2410\" data-end=\"2445\">Ihre Therapie besser zu verstehen<\/p>\n<\/li>\n<li data-start=\"2446\" data-end=\"2502\">\n<p data-start=\"2448\" data-end=\"2502\">neue Medikamente sicher in den Alltag zu integrieren<\/p>\n<\/li>\n<li data-start=\"2503\" data-end=\"2551\">\n<p data-start=\"2505\" data-end=\"2551\">Ver\u00e4nderungen im Therapieverlauf einzuordnen<\/p>\n<\/li>\n<\/ul>\n<p data-start=\"2553\" data-end=\"2596\"><strong data-start=\"2556\" data-end=\"2594\">Mehr Informationen finden Sie auf:<\/strong><\/p>\n<ul data-start=\"2597\" data-end=\"2623\">\n<li data-start=\"2597\" data-end=\"2623\">\n<p data-start=\"2599\" data-end=\"2623\"><a href=\"https:\/\/apotheke-am-rheumazentrum.de\/index.php\/moderne-rheumatherapie\/\"><em data-start=\"2599\" data-end=\"2623\">Moderne Rheumatherapie<\/em><\/a><\/p>\n<\/li>\n<\/ul>\n<hr data-start=\"2625\" data-end=\"2628\" \/>\n<h3 data-start=\"2630\" data-end=\"2674\">Ganzheitlicher Blick auf Ihre Medikation<\/h3>\n<p data-start=\"2676\" data-end=\"2911\">Ein wichtiger Bestandteil der begleitenden Beratung ist der ganzheitliche Blick auf Ihre gesamte Medikation. Wir ber\u00fccksichtigen nicht nur einzelne Arzneimittel, sondern die komplette Therapie \u2013 inklusive Begleit- und Zusatzmedikation.<\/p>\n<p data-start=\"2913\" data-end=\"2927\">So k\u00f6nnen wir:<\/p>\n<ul data-start=\"2928\" data-end=\"3026\">\n<li data-start=\"2928\" data-end=\"2968\">\n<p data-start=\"2930\" data-end=\"2968\">Wechselwirkungen fr\u00fchzeitig erkennen<\/p>\n<\/li>\n<li data-start=\"2969\" data-end=\"2991\">\n<p data-start=\"2971\" data-end=\"2991\">Risiken minimieren<\/p>\n<\/li>\n<li data-start=\"2992\" data-end=\"3026\">\n<p data-start=\"2994\" data-end=\"3026\">die Therapiesicherheit erh\u00f6hen<\/p>\n<\/li>\n<\/ul>\n<p data-start=\"3028\" data-end=\"3056\"><strong data-start=\"3031\" data-end=\"3054\">Passende Erg\u00e4nzung:<\/strong><\/p>\n<ul data-start=\"3057\" data-end=\"3083\">\n<li data-start=\"3057\" data-end=\"3083\">\n<p data-start=\"3059\" data-end=\"3083\"><a href=\"https:\/\/apotheke-am-rheumazentrum.de\/index.php\/arzneimittelversorgung\/\"><em data-start=\"3059\" data-end=\"3083\">Arzneimittelversorgung<\/em><\/a><\/p>\n<\/li>\n<\/ul>\n<hr data-start=\"3085\" data-end=\"3088\" \/>\n<h3 data-start=\"3090\" data-end=\"3146\">Pers\u00f6nliche Gespr\u00e4che in vertrauensvoller Atmosph\u00e4re<\/h3>\n<p data-start=\"3148\" data-end=\"3345\">Unsere begleitende Beratung findet immer in einem pers\u00f6nlichen und vertraulichen Rahmen statt. Wir h\u00f6ren zu, erkl\u00e4ren verst\u00e4ndlich und nehmen Ihre Fragen ernst \u2013 ohne Zeitdruck und ohne Fachjargon.<\/p>\n<p data-start=\"3347\" data-end=\"3426\">Denn nur wer seine Therapie versteht, kann sie sicher und erfolgreich umsetzen.<\/p>\n<hr data-start=\"3428\" data-end=\"3431\" \/>\n<h3 data-start=\"3433\" data-end=\"3478\">Unser Anspruch: Kontinuit\u00e4t und Vertrauen<\/h3>\n<p data-start=\"3480\" data-end=\"3686\">Begleitende Beratung bedeutet f\u00fcr uns, Sie nicht nur punktuell zu unterst\u00fctzen, sondern langfristig zu begleiten. Wir m\u00f6chten ein verl\u00e4sslicher Ansprechpartner f\u00fcr Sie sein \u2013 in allen Phasen Ihrer Therapie.<\/p>\n<p data-start=\"3688\" data-end=\"3800\">Unser Anspruch ist es, Ihnen Sicherheit zu geben und Sie mit Fachwissen, Empathie und Erfahrung zu unterst\u00fctzen.<\/p>\n","protected":false},"excerpt":{"rendered":"<p>Begleitende Beratung Verl\u00e4ssliche Unterst\u00fctzung w\u00e4hrend Ihrer Therapie Eine erfolgreiche Therapie endet nicht mit der Verordnung eines Medikaments. Gerade bei chronischen und rheumatischen Erkrankungen ist eine kontinuierliche, begleitende Beratung entscheidend, um Sicherheit, Verst\u00e4ndnis und Vertrauen im Alltag zu schaffen. In der Apotheke am RheumaZentrum Athanassios Kiroudis e.K. stehen wir Ihnen w\u00e4hrend des gesamten Therapieverlaufs beratend zur [&hellip;]<\/p>\n","protected":false},"author":1,"featured_media":0,"parent":0,"menu_order":0,"comment_status":"closed","ping_status":"closed","template":"page-templates\/page-full-width.php","meta":{"footnotes":""},"class_list":["post-91","page","type-page","status-publish","hentry"],"_links":{"self":[{"href":"https:\/\/apotheke-am-rheumazentrum.de\/index.php\/wp-json\/wp\/v2\/pages\/91","targetHints":{"allow":["GET"]}}],"collection":[{"href":"https:\/\/apotheke-am-rheumazentrum.de\/index.php\/wp-json\/wp\/v2\/pages"}],"about":[{"href":"https:\/\/apotheke-am-rheumazentrum.de\/index.php\/wp-json\/wp\/v2\/types\/page"}],"author":[{"embeddable":true,"href":"https:\/\/apotheke-am-rheumazentrum.de\/index.php\/wp-json\/wp\/v2\/users\/1"}],"replies":[{"embeddable":true,"href":"https:\/\/apotheke-am-rheumazentrum.de\/index.php\/wp-json\/wp\/v2\/comments?post=91"}],"version-history":[{"count":2,"href":"https:\/\/apotheke-am-rheumazentrum.de\/index.php\/wp-json\/wp\/v2\/pages\/91\/revisions"}],"predecessor-version":[{"id":150,"href":"https:\/\/apotheke-am-rheumazentrum.de\/index.php\/wp-json\/wp\/v2\/pages\/91\/revisions\/150"}],"wp:attachment":[{"href":"https:\/\/apotheke-am-rheumazentrum.de\/index.php\/wp-json\/wp\/v2\/media?parent=91"}],"curies":[{"name":"wp","href":"https:\/\/api.w.org\/{rel}","templated":true}]}}