{"id":82,"date":"2026-02-10T17:10:44","date_gmt":"2026-02-10T17:10:44","guid":{"rendered":"https:\/\/apotheke-am-rheumazentrum.de\/?page_id=82"},"modified":"2026-02-10T18:19:12","modified_gmt":"2026-02-10T18:19:12","slug":"schwerpunkt-rheuma","status":"publish","type":"page","link":"https:\/\/apotheke-am-rheumazentrum.de\/index.php\/schwerpunkt-rheuma\/","title":{"rendered":"Schwerpunkt Rheuma"},"content":{"rendered":"<h2 data-start=\"218\" data-end=\"243\"><strong data-start=\"221\" data-end=\"243\">Schwerpunkt Rheuma<\/strong><\/h2>\n<h3 data-start=\"245\" data-end=\"321\">Spezialisierte pharmazeutische Begleitung bei rheumatischen Erkrankungen<\/h3>\n<p data-start=\"323\" data-end=\"666\">Rheumatische Erkrankungen geh\u00f6ren zu den komplexesten chronischen Krankheitsbildern und erfordern eine besonders sorgf\u00e4ltige, langfristige Betreuung. In der <strong data-start=\"480\" data-end=\"535\">Apotheke am RheumaZentrum Athanassios Kiroudis e.K.<\/strong> haben wir uns gezielt auf die Versorgung und Beratung von Menschen mit rheumatischen und entz\u00fcndlichen Erkrankungen spezialisiert.<\/p>\n<p data-start=\"668\" data-end=\"821\">Unser Ziel ist es, Sie nicht nur mit Medikamenten zu versorgen, sondern Sie <strong data-start=\"744\" data-end=\"820\">kompetent, verst\u00e4ndlich und zuverl\u00e4ssig durch Ihre Therapie zu begleiten<\/strong>.<\/p>\n<hr data-start=\"823\" data-end=\"826\" \/>\n<h3 data-start=\"828\" data-end=\"876\">Rheuma \u2013 eine Herausforderung f\u00fcr den Alltag<\/h3>\n<p data-start=\"878\" data-end=\"958\">Rheumatische Erkrankungen \u00e4u\u00dfern sich sehr unterschiedlich und betreffen h\u00e4ufig:<\/p>\n<ul data-start=\"959\" data-end=\"1011\">\n<li data-start=\"959\" data-end=\"970\">\n<p data-start=\"961\" data-end=\"970\">Gelenke<\/p>\n<\/li>\n<li data-start=\"971\" data-end=\"982\">\n<p data-start=\"973\" data-end=\"982\">Muskeln<\/p>\n<\/li>\n<li data-start=\"983\" data-end=\"993\">\n<p data-start=\"985\" data-end=\"993\">Sehnen<\/p>\n<\/li>\n<li data-start=\"994\" data-end=\"1011\">\n<p data-start=\"996\" data-end=\"1011\">innere Organe<\/p>\n<\/li>\n<\/ul>\n<p data-start=\"1013\" data-end=\"1215\">Viele Betroffene leiden unter Schmerzen, Bewegungseinschr\u00e4nkungen, M\u00fcdigkeit oder entz\u00fcndlichen Sch\u00fcben. Hinzu kommt oft eine komplexe medikament\u00f6se Therapie, die genau aufeinander abgestimmt sein muss.<\/p>\n<p data-start=\"1217\" data-end=\"1292\">Gerade hier ist eine spezialisierte Apotheke ein wichtiger Ansprechpartner.<\/p>\n<p data-start=\"1294\" data-end=\"1352\"><strong data-start=\"1297\" data-end=\"1350\">Grundlagen und Krankheitsbilder finden Sie unter:<\/strong><\/p>\n<ul data-start=\"1353\" data-end=\"1382\">\n<li data-start=\"1353\" data-end=\"1382\">\n<p data-start=\"1355\" data-end=\"1382\"><a href=\"https:\/\/apotheke-am-rheumazentrum.de\/index.php\/rheumatische-erkrankungen\/\"><em data-start=\"1355\" data-end=\"1382\">Rheumatische Erkrankungen<\/em><\/a><\/p>\n<\/li>\n<\/ul>\n<hr data-start=\"1384\" data-end=\"1387\" \/>\n<h3 data-start=\"1389\" data-end=\"1438\">Fachliche Spezialisierung f\u00fcr mehr Sicherheit<\/h3>\n<p data-start=\"1440\" data-end=\"1676\">Die moderne Rheumatherapie hat sich in den letzten Jahren stark weiterentwickelt. Neue Wirkstoffe, Biologika und individualisierte Therapiekonzepte bieten viele Chancen \u2013 erfordern aber auch fundiertes Wissen und sorgf\u00e4ltige Begleitung.<\/p>\n<p data-start=\"1678\" data-end=\"1736\">Dank unserer Spezialisierung beraten wir Sie kompetent zu:<\/p>\n<ul data-start=\"1737\" data-end=\"1869\">\n<li data-start=\"1737\" data-end=\"1758\">\n<p data-start=\"1739\" data-end=\"1758\">Basistherapeutika<\/p>\n<\/li>\n<li data-start=\"1759\" data-end=\"1797\">\n<p data-start=\"1761\" data-end=\"1797\">Biologika und modernen Wirkstoffen<\/p>\n<\/li>\n<li data-start=\"1798\" data-end=\"1833\">\n<p data-start=\"1800\" data-end=\"1833\">Begleit- und Schutzmedikationen<\/p>\n<\/li>\n<li data-start=\"1834\" data-end=\"1869\">\n<p data-start=\"1836\" data-end=\"1869\">Schmerz- und Entz\u00fcndungshemmung<\/p>\n<\/li>\n<\/ul>\n<p data-start=\"1871\" data-end=\"1991\">Dabei behalten wir stets Ihre gesamte Medikation im Blick und achten besonders auf Wechselwirkungen und Vertr\u00e4glichkeit.<\/p>\n<p data-start=\"1993\" data-end=\"2044\"><strong data-start=\"1996\" data-end=\"2042\">Mehr dazu erfahren Sie auf der Unterseite:<\/strong><\/p>\n<ul data-start=\"2045\" data-end=\"2071\">\n<li data-start=\"2045\" data-end=\"2071\">\n<p data-start=\"2047\" data-end=\"2071\"><a href=\"https:\/\/apotheke-am-rheumazentrum.de\/index.php\/moderne-rheumatherapie\/\"><em data-start=\"2047\" data-end=\"2071\">Moderne Rheumatherapie<\/em><\/a><\/p>\n<\/li>\n<\/ul>\n<hr data-start=\"2073\" data-end=\"2076\" \/>\n<h3 data-start=\"2078\" data-end=\"2125\">Enge Begleitung bei langfristigen Therapien<\/h3>\n<p data-start=\"2127\" data-end=\"2292\">Rheumatische Erkrankungen begleiten viele Menschen \u00fcber Jahre oder ein Leben lang. Deshalb legen wir gro\u00dfen Wert auf eine kontinuierliche, vertrauensvolle Betreuung.<\/p>\n<p data-start=\"2294\" data-end=\"2334\">Unsere Begleitung umfasst unter anderem:<\/p>\n<ul data-start=\"2335\" data-end=\"2524\">\n<li data-start=\"2335\" data-end=\"2379\">\n<p data-start=\"2337\" data-end=\"2379\">regelm\u00e4\u00dfige \u00dcberpr\u00fcfung Ihrer Medikation<\/p>\n<\/li>\n<li data-start=\"2380\" data-end=\"2422\">\n<p data-start=\"2382\" data-end=\"2422\">Unterst\u00fctzung bei Therapieumstellungen<\/p>\n<\/li>\n<li data-start=\"2423\" data-end=\"2475\">\n<p data-start=\"2425\" data-end=\"2475\">verst\u00e4ndliche Erkl\u00e4rungen bei neuen Verordnungen<\/p>\n<\/li>\n<li data-start=\"2476\" data-end=\"2524\">\n<p data-start=\"2478\" data-end=\"2524\">Beratung zu Einnahme, Lagerung und Anwendung<\/p>\n<\/li>\n<\/ul>\n<p data-start=\"2526\" data-end=\"2577\"><strong data-start=\"2529\" data-end=\"2575\">Erg\u00e4nzende Unterst\u00fctzung finden Sie unter:<\/strong><\/p>\n<ul data-start=\"2578\" data-end=\"2602\">\n<li data-start=\"2578\" data-end=\"2602\">\n<p data-start=\"2580\" data-end=\"2602\"><a href=\"https:\/\/apotheke-am-rheumazentrum.de\/index.php\/begleitende-beratung\/\"><em data-start=\"2580\" data-end=\"2602\">Begleitende Beratung<\/em><\/a><\/p>\n<\/li>\n<\/ul>\n<hr data-start=\"2604\" data-end=\"2607\" \/>\n<h3 data-start=\"2609\" data-end=\"2651\">Ganzheitlicher Blick auf Ihre Therapie<\/h3>\n<p data-start=\"2653\" data-end=\"2891\">Eine erfolgreiche Rheumatherapie besteht nicht nur aus Medikamenten. Auch Wissen, Struktur und Sicherheit spielen eine entscheidende Rolle. Wir nehmen uns Zeit, Zusammenh\u00e4nge zu erkl\u00e4ren und Ihnen Orientierung im Therapieverlauf zu geben.<\/p>\n<p data-start=\"2893\" data-end=\"3030\">Dabei arbeiten wir erg\u00e4nzend zur \u00e4rztlichen Behandlung und sehen uns als Bindeglied zwischen Verordnung und sicherer Anwendung im Alltag.<\/p>\n<p data-start=\"3032\" data-end=\"3067\"><strong data-start=\"3035\" data-end=\"3065\">Weitere wichtige Bereiche:<\/strong><\/p>\n<ul data-start=\"3068\" data-end=\"3152\">\n<li data-start=\"3068\" data-end=\"3099\">\n<p data-start=\"3070\" data-end=\"3099\"><a href=\"https:\/\/apotheke-am-rheumazentrum.de\/index.php\/rheuma-schmerztherapie\/\"><em data-start=\"3070\" data-end=\"3097\">Rheuma- &amp; Schmerztherapie<\/em><\/a><\/p>\n<\/li>\n<li data-start=\"3100\" data-end=\"3125\">\n<p data-start=\"3102\" data-end=\"3125\"><a href=\"https:\/\/apotheke-am-rheumazentrum.de\/index.php\/medikationsberatung\/\"><em data-start=\"3102\" data-end=\"3123\">Medikationsberatung<\/em><\/a><\/p>\n<\/li>\n<li data-start=\"3126\" data-end=\"3152\">\n<p data-start=\"3128\" data-end=\"3152\"><a href=\"https:\/\/apotheke-am-rheumazentrum.de\/index.php\/arzneimittelversorgung\/\"><em data-start=\"3128\" data-end=\"3152\">Arzneimittelversorgung<\/em><\/a><\/p>\n<\/li>\n<\/ul>\n<hr data-start=\"3154\" data-end=\"3157\" \/>\n<h3 data-start=\"3159\" data-end=\"3216\">Unser Anspruch: Verst\u00e4ndnis, Sicherheit und Vertrauen<\/h3>\n<p data-start=\"3218\" data-end=\"3423\">Menschen mit Rheuma ben\u00f6tigen mehr als Standardl\u00f6sungen. Unser Anspruch ist es, Ihnen Sicherheit zu geben, Fragen ernst zu nehmen und Sie langfristig zu begleiten \u2013 mit Fachwissen, Zeit und Menschlichkeit.<\/p>\n<p data-start=\"3425\" data-end=\"3525\">Wir m\u00f6chten, dass Sie Ihre Therapie verstehen, ihr vertrauen und sich bei uns gut aufgehoben f\u00fchlen.<\/p>\n","protected":false},"excerpt":{"rendered":"<p>Schwerpunkt Rheuma Spezialisierte pharmazeutische Begleitung bei rheumatischen Erkrankungen Rheumatische Erkrankungen geh\u00f6ren zu den komplexesten chronischen Krankheitsbildern und erfordern eine besonders sorgf\u00e4ltige, langfristige Betreuung. In der Apotheke am RheumaZentrum Athanassios Kiroudis e.K. haben wir uns gezielt auf die Versorgung und Beratung von Menschen mit rheumatischen und entz\u00fcndlichen Erkrankungen spezialisiert. Unser Ziel ist es, Sie nicht nur [&hellip;]<\/p>\n","protected":false},"author":1,"featured_media":0,"parent":0,"menu_order":0,"comment_status":"closed","ping_status":"closed","template":"page-templates\/page-full-width.php","meta":{"footnotes":""},"class_list":["post-82","page","type-page","status-publish","hentry"],"_links":{"self":[{"href":"https:\/\/apotheke-am-rheumazentrum.de\/index.php\/wp-json\/wp\/v2\/pages\/82","targetHints":{"allow":["GET"]}}],"collection":[{"href":"https:\/\/apotheke-am-rheumazentrum.de\/index.php\/wp-json\/wp\/v2\/pages"}],"about":[{"href":"https:\/\/apotheke-am-rheumazentrum.de\/index.php\/wp-json\/wp\/v2\/types\/page"}],"author":[{"embeddable":true,"href":"https:\/\/apotheke-am-rheumazentrum.de\/index.php\/wp-json\/wp\/v2\/users\/1"}],"replies":[{"embeddable":true,"href":"https:\/\/apotheke-am-rheumazentrum.de\/index.php\/wp-json\/wp\/v2\/comments?post=82"}],"version-history":[{"count":3,"href":"https:\/\/apotheke-am-rheumazentrum.de\/index.php\/wp-json\/wp\/v2\/pages\/82\/revisions"}],"predecessor-version":[{"id":147,"href":"https:\/\/apotheke-am-rheumazentrum.de\/index.php\/wp-json\/wp\/v2\/pages\/82\/revisions\/147"}],"wp:attachment":[{"href":"https:\/\/apotheke-am-rheumazentrum.de\/index.php\/wp-json\/wp\/v2\/media?parent=82"}],"curies":[{"name":"wp","href":"https:\/\/api.w.org\/{rel}","templated":true}]}}