{"id":76,"date":"2026-02-10T17:10:12","date_gmt":"2026-02-10T17:10:12","guid":{"rendered":"https:\/\/apotheke-am-rheumazentrum.de\/?page_id=76"},"modified":"2026-02-10T18:11:11","modified_gmt":"2026-02-10T18:11:11","slug":"individuelle-rezepturen","status":"publish","type":"page","link":"https:\/\/apotheke-am-rheumazentrum.de\/index.php\/individuelle-rezepturen\/","title":{"rendered":"Individuelle Rezepturen"},"content":{"rendered":"<h2 data-start=\"245\" data-end=\"275\"><strong data-start=\"248\" data-end=\"275\">Individuelle Rezepturen<\/strong><\/h2>\n<h3 data-start=\"277\" data-end=\"340\">Ma\u00dfgeschneiderte Arzneimittel f\u00fcr Ihre pers\u00f6nliche Therapie<\/h3>\n<p data-start=\"342\" data-end=\"642\">Nicht jede Therapie l\u00e4sst sich mit industriell hergestellten Arzneimitteln optimal umsetzen. In der <strong data-start=\"442\" data-end=\"497\">Apotheke am RheumaZentrum Athanassios Kiroudis e.K.<\/strong> stellen wir individuelle Rezepturen nach \u00e4rztlicher Verordnung her \u2013 pr\u00e4zise, sorgf\u00e4ltig und exakt auf Ihre pers\u00f6nlichen Bed\u00fcrfnisse abgestimmt.<\/p>\n<p data-start=\"644\" data-end=\"755\">Individuelle Rezepturen erm\u00f6glichen eine passgenaue Therapie dort, wo Standardpr\u00e4parate an ihre Grenzen sto\u00dfen.<\/p>\n<hr data-start=\"757\" data-end=\"760\" \/>\n<h3 data-start=\"762\" data-end=\"799\">Was sind individuelle Rezepturen?<\/h3>\n<p data-start=\"801\" data-end=\"965\">Individuelle Rezepturen sind Arzneimittel, die speziell f\u00fcr eine einzelne Patientin oder einen einzelnen Patienten angefertigt werden. Sie kommen zum Einsatz, wenn:<\/p>\n<ul data-start=\"966\" data-end=\"1147\">\n<li data-start=\"966\" data-end=\"1007\">\n<p data-start=\"968\" data-end=\"1007\">spezielle Dosierungen ben\u00f6tigt werden<\/p>\n<\/li>\n<li data-start=\"1008\" data-end=\"1057\">\n<p data-start=\"1010\" data-end=\"1057\">bestimmte Wirkstoffe kombiniert werden m\u00fcssen<\/p>\n<\/li>\n<li data-start=\"1058\" data-end=\"1107\">\n<p data-start=\"1060\" data-end=\"1107\">industrielle Pr\u00e4parate nicht vertragen werden<\/p>\n<\/li>\n<li data-start=\"1108\" data-end=\"1147\">\n<p data-start=\"1110\" data-end=\"1147\">geeignete Darreichungsformen fehlen<\/p>\n<\/li>\n<\/ul>\n<p data-start=\"1149\" data-end=\"1257\">Diese Arzneimittel werden direkt in der Apotheke unter strengen Qualit\u00e4ts- und Hygienestandards hergestellt.<\/p>\n<hr data-start=\"1259\" data-end=\"1262\" \/>\n<h3 data-start=\"1264\" data-end=\"1324\">Sorgf\u00e4ltige Herstellung nach h\u00f6chsten Qualit\u00e4tsstandards<\/h3>\n<p data-start=\"1326\" data-end=\"1532\">Die Herstellung individueller Rezepturen erfordert fundiertes Fachwissen, Erfahrung und Pr\u00e4zision. In unserer Apotheke arbeiten wir nach den geltenden gesetzlichen Vorgaben und pharmazeutischen Richtlinien.<\/p>\n<p data-start=\"1534\" data-end=\"1565\">Dabei achten wir besonders auf:<\/p>\n<ul data-start=\"1566\" data-end=\"1705\">\n<li data-start=\"1566\" data-end=\"1601\">\n<p data-start=\"1568\" data-end=\"1601\">exakte Dosierung der Wirkstoffe<\/p>\n<\/li>\n<li data-start=\"1602\" data-end=\"1632\">\n<p data-start=\"1604\" data-end=\"1632\">hochwertige Ausgangsstoffe<\/p>\n<\/li>\n<li data-start=\"1633\" data-end=\"1661\">\n<p data-start=\"1635\" data-end=\"1661\">hygienische Arbeitsweise<\/p>\n<\/li>\n<li data-start=\"1662\" data-end=\"1705\">\n<p data-start=\"1664\" data-end=\"1705\">sorgf\u00e4ltige Dokumentation und Kontrolle<\/p>\n<\/li>\n<\/ul>\n<p data-start=\"1707\" data-end=\"1789\">So stellen wir sicher, dass jede Rezeptur sicher, wirksam und gut vertr\u00e4glich ist.<\/p>\n<hr data-start=\"1791\" data-end=\"1794\" \/>\n<h3 data-start=\"1796\" data-end=\"1830\">Vielf\u00e4ltige Darreichungsformen<\/h3>\n<p data-start=\"1832\" data-end=\"1932\">Je nach Verordnung und therapeutischem Bedarf fertigen wir unterschiedliche Rezepturen an, darunter:<\/p>\n<ul data-start=\"1933\" data-end=\"2075\">\n<li data-start=\"1933\" data-end=\"1960\">\n<p data-start=\"1935\" data-end=\"1960\">Salben, Cremes und Gele<\/p>\n<\/li>\n<li data-start=\"1961\" data-end=\"1999\">\n<p data-start=\"1963\" data-end=\"1999\">Kapseln in individueller Dosierung<\/p>\n<\/li>\n<li data-start=\"2000\" data-end=\"2024\">\n<p data-start=\"2002\" data-end=\"2024\">L\u00f6sungen und Tropfen<\/p>\n<\/li>\n<li data-start=\"2025\" data-end=\"2075\">\n<p data-start=\"2027\" data-end=\"2075\">spezielle Mischungen f\u00fcr besondere Anwendungen<\/p>\n<\/li>\n<\/ul>\n<p data-start=\"2077\" data-end=\"2229\">Gerade bei rheumatischen Erkrankungen oder empfindlicher Haut k\u00f6nnen individuell hergestellte Arzneimittel einen wichtigen Beitrag zur Therapie leisten.<\/p>\n<p data-start=\"2231\" data-end=\"2264\"><strong data-start=\"2234\" data-end=\"2262\">Erg\u00e4nzend empfehlen wir:<\/strong><\/p>\n<ul data-start=\"2265\" data-end=\"2314\">\n<li data-start=\"2265\" data-end=\"2296\">\n<p data-start=\"2267\" data-end=\"2296\"><a href=\"https:\/\/apotheke-am-rheumazentrum.de\/index.php\/rheuma-schmerztherapie\/\"><em data-start=\"2267\" data-end=\"2294\">Rheuma- &amp; Schmerztherapie<\/em><\/a><\/p>\n<\/li>\n<li data-start=\"2297\" data-end=\"2314\">\n<p data-start=\"2299\" data-end=\"2314\"><a href=\"https:\/\/apotheke-am-rheumazentrum.de\/index.php\/haut-pflege\/\"><em data-start=\"2299\" data-end=\"2314\">Haut &amp; Pflege<\/em><\/a><\/p>\n<\/li>\n<\/ul>\n<hr data-start=\"2316\" data-end=\"2319\" \/>\n<h3 data-start=\"2321\" data-end=\"2359\">Pers\u00f6nliche Beratung zur Anwendung<\/h3>\n<p data-start=\"2361\" data-end=\"2549\">Eine individuell hergestellte Rezeptur entfaltet ihre Wirkung nur dann optimal, wenn sie korrekt angewendet wird. Deshalb nehmen wir uns Zeit, Ihnen die Anwendung verst\u00e4ndlich zu erkl\u00e4ren.<\/p>\n<p data-start=\"2551\" data-end=\"2589\">Unsere Beratung umfasst unter anderem:<\/p>\n<ul data-start=\"2590\" data-end=\"2719\">\n<li data-start=\"2590\" data-end=\"2626\">\n<p data-start=\"2592\" data-end=\"2626\">richtige Dosierung und Anwendung<\/p>\n<\/li>\n<li data-start=\"2627\" data-end=\"2655\">\n<p data-start=\"2629\" data-end=\"2655\">Hinweise zur Haltbarkeit<\/p>\n<\/li>\n<li data-start=\"2656\" data-end=\"2681\">\n<p data-start=\"2658\" data-end=\"2681\">Lagerung der Rezeptur<\/p>\n<\/li>\n<li data-start=\"2682\" data-end=\"2719\">\n<p data-start=\"2684\" data-end=\"2719\">m\u00f6gliche Besonderheiten im Umgang<\/p>\n<\/li>\n<\/ul>\n<p data-start=\"2721\" data-end=\"2778\"><strong data-start=\"2724\" data-end=\"2776\">Mehr zur pers\u00f6nlichen Beratung finden Sie unter:<\/strong><\/p>\n<ul data-start=\"2779\" data-end=\"2804\">\n<li data-start=\"2779\" data-end=\"2804\">\n<p data-start=\"2781\" data-end=\"2804\"><a href=\"https:\/\/apotheke-am-rheumazentrum.de\/index.php\/begleitende-beratung\/\"><em data-start=\"2781\" data-end=\"2804\">Individuelle Beratung<\/em><\/a><\/p>\n<\/li>\n<\/ul>\n<hr data-start=\"2806\" data-end=\"2809\" \/>\n<h3 data-start=\"2811\" data-end=\"2867\">Individuelle Rezepturen bei chronischen Erkrankungen<\/h3>\n<p data-start=\"2869\" data-end=\"3085\">Gerade bei chronischen Erkrankungen sind individuelle L\u00f6sungen oft unverzichtbar. Durch die Kombination aus \u00e4rztlicher Verordnung und pharmazeutischer Expertise k\u00f6nnen wir Therapien gezielt unterst\u00fctzen und anpassen.<\/p>\n<p data-start=\"3087\" data-end=\"3190\">In enger Abstimmung mit Ihrer gesamten Medikation behalten wir auch m\u00f6gliche Wechselwirkungen im Blick.<\/p>\n<p data-start=\"3192\" data-end=\"3225\"><strong data-start=\"3195\" data-end=\"3223\">Weitere passende Seiten:<\/strong><\/p>\n<ul data-start=\"3226\" data-end=\"3278\">\n<li data-start=\"3226\" data-end=\"3254\">\n<p data-start=\"3228\" data-end=\"3254\"><a href=\"https:\/\/apotheke-am-rheumazentrum.de\/index.php\/arzneimittelversorgung\/\"><em data-start=\"3228\" data-end=\"3252\">Arzneimittelversorgung<\/em><\/a><\/p>\n<\/li>\n<li data-start=\"3255\" data-end=\"3278\">\n<p data-start=\"3257\" data-end=\"3278\"><a href=\"https:\/\/apotheke-am-rheumazentrum.de\/index.php\/medikationsberatung\/\"><em data-start=\"3257\" data-end=\"3278\">Medikationsberatung<\/em><\/a><\/p>\n<\/li>\n<\/ul>\n<hr data-start=\"3280\" data-end=\"3283\" \/>\n<h3 data-start=\"3285\" data-end=\"3340\">Unser Anspruch: Pr\u00e4zision, Sicherheit und Vertrauen<\/h3>\n<p data-start=\"3342\" data-end=\"3574\">Individuelle Rezepturen erfordern ein hohes Ma\u00df an Verantwortung. Unser Anspruch ist es, Ihnen eine sichere, wirksame und individuell abgestimmte Arzneimitteltherapie zu erm\u00f6glichen \u2013 mit gr\u00f6\u00dfter Sorgfalt und pers\u00f6nlicher Betreuung.<\/p>\n<hr data-start=\"3576\" data-end=\"3579\" \/>\n<h3 data-start=\"3581\" data-end=\"3613\"><\/h3>\n","protected":false},"excerpt":{"rendered":"<p>Individuelle Rezepturen Ma\u00dfgeschneiderte Arzneimittel f\u00fcr Ihre pers\u00f6nliche Therapie Nicht jede Therapie l\u00e4sst sich mit industriell hergestellten Arzneimitteln optimal umsetzen. In der Apotheke am RheumaZentrum Athanassios Kiroudis e.K. stellen wir individuelle Rezepturen nach \u00e4rztlicher Verordnung her \u2013 pr\u00e4zise, sorgf\u00e4ltig und exakt auf Ihre pers\u00f6nlichen Bed\u00fcrfnisse abgestimmt. Individuelle Rezepturen erm\u00f6glichen eine passgenaue Therapie dort, wo Standardpr\u00e4parate an [&hellip;]<\/p>\n","protected":false},"author":1,"featured_media":0,"parent":0,"menu_order":0,"comment_status":"closed","ping_status":"closed","template":"page-templates\/page-full-width.php","meta":{"footnotes":""},"class_list":["post-76","page","type-page","status-publish","hentry"],"_links":{"self":[{"href":"https:\/\/apotheke-am-rheumazentrum.de\/index.php\/wp-json\/wp\/v2\/pages\/76","targetHints":{"allow":["GET"]}}],"collection":[{"href":"https:\/\/apotheke-am-rheumazentrum.de\/index.php\/wp-json\/wp\/v2\/pages"}],"about":[{"href":"https:\/\/apotheke-am-rheumazentrum.de\/index.php\/wp-json\/wp\/v2\/types\/page"}],"author":[{"embeddable":true,"href":"https:\/\/apotheke-am-rheumazentrum.de\/index.php\/wp-json\/wp\/v2\/users\/1"}],"replies":[{"embeddable":true,"href":"https:\/\/apotheke-am-rheumazentrum.de\/index.php\/wp-json\/wp\/v2\/comments?post=76"}],"version-history":[{"count":3,"href":"https:\/\/apotheke-am-rheumazentrum.de\/index.php\/wp-json\/wp\/v2\/pages\/76\/revisions"}],"predecessor-version":[{"id":144,"href":"https:\/\/apotheke-am-rheumazentrum.de\/index.php\/wp-json\/wp\/v2\/pages\/76\/revisions\/144"}],"wp:attachment":[{"href":"https:\/\/apotheke-am-rheumazentrum.de\/index.php\/wp-json\/wp\/v2\/media?parent=76"}],"curies":[{"name":"wp","href":"https:\/\/api.w.org\/{rel}","templated":true}]}}