{"id":73,"date":"2026-02-10T17:10:01","date_gmt":"2026-02-10T17:10:01","guid":{"rendered":"https:\/\/apotheke-am-rheumazentrum.de\/?page_id=73"},"modified":"2026-02-10T18:08:12","modified_gmt":"2026-02-10T18:08:12","slug":"rheuma-schmerztherapie","status":"publish","type":"page","link":"https:\/\/apotheke-am-rheumazentrum.de\/index.php\/rheuma-schmerztherapie\/","title":{"rendered":"Rheuma- &#038; Schmerztherapie"},"content":{"rendered":"<h2 data-start=\"218\" data-end=\"250\"><strong data-start=\"221\" data-end=\"250\">Rheuma- &amp; Schmerztherapie<\/strong><\/h2>\n<h3 data-start=\"252\" data-end=\"321\">Fachkundige Begleitung bei chronischen Erkrankungen und Schmerzen<\/h3>\n<p data-start=\"323\" data-end=\"625\">Rheumatische Erkrankungen und chronische Schmerzen stellen f\u00fcr Betroffene oft eine gro\u00dfe k\u00f6rperliche und seelische Belastung dar. In der <strong data-start=\"460\" data-end=\"515\">Apotheke am RheumaZentrum Athanassios Kiroudis e.K.<\/strong> begleiten wir Sie mit besonderer fachlicher Kompetenz, Erfahrung und Einf\u00fchlungsverm\u00f6gen durch Ihre Therapie.<\/p>\n<p data-start=\"627\" data-end=\"758\">Unser Ziel ist es, Ihre Behandlung <strong data-start=\"662\" data-end=\"706\">verst\u00e4ndlich, sicher und alltagstauglich<\/strong> zu gestalten \u2013 und Sie langfristig zu unterst\u00fctzen.<\/p>\n<hr data-start=\"760\" data-end=\"763\" \/>\n<h3 data-start=\"765\" data-end=\"827\">Spezialisierung als Grundlage f\u00fcr Sicherheit und Vertrauen<\/h3>\n<p data-start=\"829\" data-end=\"1069\">Die Behandlung rheumatischer Erkrankungen erfordert eine sorgf\u00e4ltig abgestimmte medikament\u00f6se Therapie. H\u00e4ufig kommen mehrere Arzneimittel gleichzeitig zum Einsatz, deren Wirkung und Vertr\u00e4glichkeit genau aufeinander abgestimmt sein m\u00fcssen.<\/p>\n<p data-start=\"1071\" data-end=\"1176\">Dank unseres klaren Schwerpunkts im Bereich Rheuma und Schmerztherapie k\u00f6nnen wir Sie gezielt beraten zu:<\/p>\n<ul data-start=\"1177\" data-end=\"1319\">\n<li data-start=\"1177\" data-end=\"1215\">\n<p data-start=\"1179\" data-end=\"1215\">entz\u00fcndungshemmenden Arzneimitteln<\/p>\n<\/li>\n<li data-start=\"1216\" data-end=\"1237\">\n<p data-start=\"1218\" data-end=\"1237\">Basistherapeutika<\/p>\n<\/li>\n<li data-start=\"1238\" data-end=\"1276\">\n<p data-start=\"1240\" data-end=\"1276\">modernen Wirkstoffen und Biologika<\/p>\n<\/li>\n<li data-start=\"1277\" data-end=\"1319\">\n<p data-start=\"1279\" data-end=\"1319\">Schmerzmedikation und Begleittherapien<\/p>\n<\/li>\n<\/ul>\n<p data-start=\"1321\" data-end=\"1439\">Dabei ber\u00fccksichtigen wir stets Ihre individuelle Situation, bestehende Vorerkrankungen und m\u00f6gliche Wechselwirkungen.<\/p>\n<p data-start=\"1441\" data-end=\"1493\"><strong data-start=\"1444\" data-end=\"1491\">Vertiefende Informationen finden Sie unter:<\/strong><\/p>\n<ul data-start=\"1494\" data-end=\"1548\">\n<li data-start=\"1494\" data-end=\"1518\">\n<p data-start=\"1496\" data-end=\"1518\"><a href=\"https:\/\/apotheke-am-rheumazentrum.de\/index.php\/schwerpunkt-rheuma\/\"><em data-start=\"1496\" data-end=\"1516\">Schwerpunkt Rheuma<\/em><\/a><\/p>\n<\/li>\n<li data-start=\"1519\" data-end=\"1548\">\n<p data-start=\"1521\" data-end=\"1548\"><a href=\"https:\/\/apotheke-am-rheumazentrum.de\/index.php\/rheumatische-erkrankungen\/\"><em data-start=\"1521\" data-end=\"1548\">Rheumatische Erkrankungen<\/em><\/a><\/p>\n<\/li>\n<\/ul>\n<hr data-start=\"1550\" data-end=\"1553\" \/>\n<h3 data-start=\"1555\" data-end=\"1611\">Schmerztherapie \u2013 individuell und verantwortungsvoll<\/h3>\n<p data-start=\"1613\" data-end=\"1834\">Schmerzen haben viele Ursachen und wirken sich stark auf die Lebensqualit\u00e4t aus. Eine wirksame Schmerztherapie erfordert daher nicht nur geeignete Medikamente, sondern auch eine fundierte Beratung zur richtigen Anwendung.<\/p>\n<p data-start=\"1836\" data-end=\"1875\">Wir unterst\u00fctzen Sie unter anderem bei:<\/p>\n<ul data-start=\"1876\" data-end=\"1993\">\n<li data-start=\"1876\" data-end=\"1912\">\n<p data-start=\"1878\" data-end=\"1912\">akuten und chronischen Schmerzen<\/p>\n<\/li>\n<li data-start=\"1913\" data-end=\"1950\">\n<p data-start=\"1915\" data-end=\"1950\">entz\u00fcndlich bedingten Beschwerden<\/p>\n<\/li>\n<li data-start=\"1951\" data-end=\"1993\">\n<p data-start=\"1953\" data-end=\"1993\">therapiebegleitender Schmerzmedikation<\/p>\n<\/li>\n<\/ul>\n<p data-start=\"1995\" data-end=\"2137\">Dabei legen wir gro\u00dfen Wert auf eine verantwortungsvolle Anwendung, um Nebenwirkungen zu minimieren und eine bestm\u00f6gliche Wirkung zu erzielen.<\/p>\n<hr data-start=\"2139\" data-end=\"2142\" \/>\n<h3 data-start=\"2144\" data-end=\"2191\">Moderne Rheumatherapie verst\u00e4ndlich erkl\u00e4rt<\/h3>\n<p data-start=\"2193\" data-end=\"2387\">Die Rheumatherapie hat sich in den letzten Jahren stark weiterentwickelt. Neue Wirkstoffe und Therapieans\u00e4tze er\u00f6ffnen viele M\u00f6glichkeiten \u2013 bringen aber auch Fragen und Unsicherheiten mit sich.<\/p>\n<p data-start=\"2389\" data-end=\"2408\">Wir erkl\u00e4ren Ihnen:<\/p>\n<ul data-start=\"2409\" data-end=\"2597\">\n<li data-start=\"2409\" data-end=\"2447\">\n<p data-start=\"2411\" data-end=\"2447\">wie moderne Rheumatherapien wirken<\/p>\n<\/li>\n<li data-start=\"2448\" data-end=\"2490\">\n<p data-start=\"2450\" data-end=\"2490\">worauf bei der Anwendung zu achten ist<\/p>\n<\/li>\n<li data-start=\"2491\" data-end=\"2538\">\n<p data-start=\"2493\" data-end=\"2538\">welche Begleitmedikation sinnvoll sein kann<\/p>\n<\/li>\n<li data-start=\"2539\" data-end=\"2597\">\n<p data-start=\"2541\" data-end=\"2597\">wie Sie Ihre Therapie sicher in den Alltag integrieren<\/p>\n<\/li>\n<\/ul>\n<p data-start=\"2599\" data-end=\"2650\"><strong data-start=\"2602\" data-end=\"2648\">Mehr dazu erfahren Sie auf der Unterseite:<\/strong><\/p>\n<ul data-start=\"2651\" data-end=\"2677\">\n<li data-start=\"2651\" data-end=\"2677\">\n<p data-start=\"2653\" data-end=\"2677\"><a href=\"https:\/\/apotheke-am-rheumazentrum.de\/index.php\/moderne-rheumatherapie\/\"><em data-start=\"2653\" data-end=\"2677\">Moderne Rheumatherapie<\/em><\/a><\/p>\n<\/li>\n<\/ul>\n<hr data-start=\"2679\" data-end=\"2682\" \/>\n<h3 data-start=\"2684\" data-end=\"2738\">Begleitende Beratung f\u00fcr mehr Sicherheit im Alltag<\/h3>\n<p data-start=\"2740\" data-end=\"2929\">Neben der medikament\u00f6sen Therapie spielen Information, Struktur und Begleitung eine entscheidende Rolle. Wir unterst\u00fctzen Sie dabei, Ihre Therapie besser zu verstehen und sicher umzusetzen.<\/p>\n<p data-start=\"2931\" data-end=\"2981\">Unsere begleitende Beratung umfasst unter anderem:<\/p>\n<ul data-start=\"2982\" data-end=\"3117\">\n<li data-start=\"2982\" data-end=\"3038\">\n<p data-start=\"2984\" data-end=\"3038\">Hinweise zur Einnahme und Lagerung Ihrer Medikamente<\/p>\n<\/li>\n<li data-start=\"3039\" data-end=\"3077\">\n<p data-start=\"3041\" data-end=\"3077\">Unterst\u00fctzung bei Therapiewechseln<\/p>\n<\/li>\n<li data-start=\"3078\" data-end=\"3117\">\n<p data-start=\"3080\" data-end=\"3117\">Orientierung bei neuen Verordnungen<\/p>\n<\/li>\n<\/ul>\n<p data-start=\"3119\" data-end=\"3167\"><strong data-start=\"3122\" data-end=\"3165\">Weitere Informationen finden Sie unter:<\/strong><\/p>\n<ul data-start=\"3168\" data-end=\"3192\">\n<li data-start=\"3168\" data-end=\"3192\">\n<p data-start=\"3170\" data-end=\"3192\"><a href=\"https:\/\/apotheke-am-rheumazentrum.de\/index.php\/begleitende-beratung\/\"><em data-start=\"3170\" data-end=\"3192\">Begleitende Beratung<\/em><\/a><\/p>\n<\/li>\n<\/ul>\n<hr data-start=\"3194\" data-end=\"3197\" \/>\n<h3 data-start=\"3199\" data-end=\"3247\">Enge Zusammenarbeit und ganzheitlicher Blick<\/h3>\n<p data-start=\"3249\" data-end=\"3433\">Eine erfolgreiche Rheuma- und Schmerztherapie basiert auf Zusammenarbeit. Wir sehen uns als erg\u00e4nzenden Partner zur \u00e4rztlichen Behandlung und behalten Ihre gesamte Medikation im Blick.<\/p>\n<p data-start=\"3435\" data-end=\"3484\">Durch diese ganzheitliche Betrachtung k\u00f6nnen wir:<\/p>\n<ul data-start=\"3485\" data-end=\"3589\">\n<li data-start=\"3485\" data-end=\"3516\">\n<p data-start=\"3487\" data-end=\"3516\">Risiken fr\u00fchzeitig erkennen<\/p>\n<\/li>\n<li data-start=\"3517\" data-end=\"3549\">\n<p data-start=\"3519\" data-end=\"3549\">Therapien sinnvoll begleiten<\/p>\n<\/li>\n<li data-start=\"3550\" data-end=\"3589\">\n<p data-start=\"3552\" data-end=\"3589\">Ihre Arzneimittelsicherheit erh\u00f6hen<\/p>\n<\/li>\n<\/ul>\n<p data-start=\"3591\" data-end=\"3624\"><strong data-start=\"3594\" data-end=\"3622\">Erg\u00e4nzend empfehlen wir:<\/strong><\/p>\n<ul data-start=\"3625\" data-end=\"3677\">\n<li data-start=\"3625\" data-end=\"3653\">\n<p data-start=\"3627\" data-end=\"3653\"><a href=\"https:\/\/apotheke-am-rheumazentrum.de\/index.php\/arzneimittelversorgung\/\"><em data-start=\"3627\" data-end=\"3651\">Arzneimittelversorgung<\/em><\/a><\/p>\n<\/li>\n<li data-start=\"3654\" data-end=\"3677\">\n<p data-start=\"3656\" data-end=\"3677\"><a href=\"https:\/\/apotheke-am-rheumazentrum.de\/index.php\/medikationsberatung\/\"><em data-start=\"3656\" data-end=\"3677\">Medikationsberatung<\/em><\/a><\/p>\n<\/li>\n<\/ul>\n<hr data-start=\"3679\" data-end=\"3682\" \/>\n<h3 data-start=\"3684\" data-end=\"3727\">Unser Anspruch: langfristige Begleitung<\/h3>\n<p data-start=\"3729\" data-end=\"3991\">Rheumatische Erkrankungen und chronische Schmerzen begleiten viele Menschen \u00fcber Jahre. Umso wichtiger ist eine verl\u00e4ssliche, kontinuierliche Betreuung. Wir stehen Ihnen nicht nur kurzfristig, sondern langfristig zur Seite \u2013 mit Zeit, Fachwissen und Verst\u00e4ndnis.<\/p>\n","protected":false},"excerpt":{"rendered":"<p>Rheuma- &amp; Schmerztherapie Fachkundige Begleitung bei chronischen Erkrankungen und Schmerzen Rheumatische Erkrankungen und chronische Schmerzen stellen f\u00fcr Betroffene oft eine gro\u00dfe k\u00f6rperliche und seelische Belastung dar. In der Apotheke am RheumaZentrum Athanassios Kiroudis e.K. begleiten wir Sie mit besonderer fachlicher Kompetenz, Erfahrung und Einf\u00fchlungsverm\u00f6gen durch Ihre Therapie. Unser Ziel ist es, Ihre Behandlung verst\u00e4ndlich, sicher [&hellip;]<\/p>\n","protected":false},"author":1,"featured_media":0,"parent":0,"menu_order":0,"comment_status":"closed","ping_status":"closed","template":"page-templates\/page-full-width.php","meta":{"footnotes":""},"class_list":["post-73","page","type-page","status-publish","hentry"],"_links":{"self":[{"href":"https:\/\/apotheke-am-rheumazentrum.de\/index.php\/wp-json\/wp\/v2\/pages\/73","targetHints":{"allow":["GET"]}}],"collection":[{"href":"https:\/\/apotheke-am-rheumazentrum.de\/index.php\/wp-json\/wp\/v2\/pages"}],"about":[{"href":"https:\/\/apotheke-am-rheumazentrum.de\/index.php\/wp-json\/wp\/v2\/types\/page"}],"author":[{"embeddable":true,"href":"https:\/\/apotheke-am-rheumazentrum.de\/index.php\/wp-json\/wp\/v2\/users\/1"}],"replies":[{"embeddable":true,"href":"https:\/\/apotheke-am-rheumazentrum.de\/index.php\/wp-json\/wp\/v2\/comments?post=73"}],"version-history":[{"count":3,"href":"https:\/\/apotheke-am-rheumazentrum.de\/index.php\/wp-json\/wp\/v2\/pages\/73\/revisions"}],"predecessor-version":[{"id":142,"href":"https:\/\/apotheke-am-rheumazentrum.de\/index.php\/wp-json\/wp\/v2\/pages\/73\/revisions\/142"}],"wp:attachment":[{"href":"https:\/\/apotheke-am-rheumazentrum.de\/index.php\/wp-json\/wp\/v2\/media?parent=73"}],"curies":[{"name":"wp","href":"https:\/\/api.w.org\/{rel}","templated":true}]}}