{"id":67,"date":"2026-02-10T17:09:37","date_gmt":"2026-02-10T17:09:37","guid":{"rendered":"https:\/\/apotheke-am-rheumazentrum.de\/?page_id=67"},"modified":"2026-02-10T17:44:17","modified_gmt":"2026-02-10T17:44:17","slug":"leistungen-services","status":"publish","type":"page","link":"https:\/\/apotheke-am-rheumazentrum.de\/index.php\/leistungen-services\/","title":{"rendered":"Leistungen &#038; Services"},"content":{"rendered":"<h2 data-start=\"253\" data-end=\"281\"><strong data-start=\"256\" data-end=\"281\">Leistungen &amp; Services<\/strong><\/h2>\n<h3 data-start=\"283\" data-end=\"361\">Umfassende pharmazeutische Leistungen \u2013 pers\u00f6nlich, sicher und zuverl\u00e4ssig<\/h3>\n<p data-start=\"363\" data-end=\"675\">Die <strong data-start=\"367\" data-end=\"422\">Apotheke am RheumaZentrum Athanassios Kiroudis e.K.<\/strong> bietet Ihnen weit mehr als die klassische Abgabe von Medikamenten. Unsere Leistungen und Services sind darauf ausgerichtet, Sie <strong data-start=\"551\" data-end=\"596\">ganzheitlich, individuell und langfristig<\/strong> zu begleiten \u2013 besonders bei chronischen Erkrankungen und komplexen Therapien.<\/p>\n<p data-start=\"677\" data-end=\"792\">Dabei stehen f\u00fcr uns drei Dinge immer im Mittelpunkt:<br data-start=\"730\" data-end=\"733\" \/><strong data-start=\"733\" data-end=\"792\">Sicherheit, Verst\u00e4ndlichkeit und pers\u00f6nliche Betreuung.<\/strong><\/p>\n<hr data-start=\"794\" data-end=\"797\" \/>\n<h3 data-start=\"799\" data-end=\"854\">Mehr als eine Apotheke \u2013 Ihr Partner f\u00fcr Gesundheit<\/h3>\n<p data-start=\"856\" data-end=\"1156\">Jede Therapie ist so individuell wie der Mensch selbst. Deshalb legen wir gro\u00dfen Wert darauf, unsere Leistungen auf Ihre pers\u00f6nliche Situation abzustimmen. Wir nehmen uns Zeit f\u00fcr Beratung, pr\u00fcfen Ihre Medikation sorgf\u00e4ltig und unterst\u00fctzen Sie dabei, Ihre Arzneimittel sicher und korrekt anzuwenden.<\/p>\n<p data-start=\"1158\" data-end=\"1199\">Unsere Leistungen richten sich sowohl an:<\/p>\n<ul data-start=\"1200\" data-end=\"1342\">\n<li data-start=\"1200\" data-end=\"1236\">\n<p data-start=\"1202\" data-end=\"1236\">Menschen mit akuten Erkrankungen<\/p>\n<\/li>\n<li data-start=\"1237\" data-end=\"1290\">\n<p data-start=\"1239\" data-end=\"1290\">Patientinnen und Patienten mit chronischen Leiden<\/p>\n<\/li>\n<li data-start=\"1291\" data-end=\"1342\">\n<p data-start=\"1293\" data-end=\"1342\">Angeh\u00f6rige, die bei der Versorgung unterst\u00fctzen<\/p>\n<\/li>\n<\/ul>\n<hr data-start=\"1344\" data-end=\"1347\" \/>\n<h2 data-start=\"1349\" data-end=\"1386\"><strong data-start=\"1352\" data-end=\"1386\">Unsere Leistungen im \u00dcberblick<\/strong><\/h2>\n<h3 data-start=\"1388\" data-end=\"1418\"><strong data-start=\"1392\" data-end=\"1418\">Arzneimittelversorgung<\/strong><\/h3>\n<p data-start=\"1420\" data-end=\"1670\">Eine zuverl\u00e4ssige Arzneimittelversorgung bildet die Basis jeder Therapie. Wir versorgen Sie mit allen verschreibungspflichtigen und rezeptfreien Medikamenten und k\u00fcmmern uns um eine schnelle Beschaffung, falls ein Pr\u00e4parat nicht sofort verf\u00fcgbar ist.<\/p>\n<p data-start=\"1672\" data-end=\"1703\">Dabei achten wir besonders auf:<\/p>\n<ul data-start=\"1704\" data-end=\"1814\">\n<li data-start=\"1704\" data-end=\"1727\">\n<p data-start=\"1706\" data-end=\"1727\">Therapiekontinuit\u00e4t<\/p>\n<\/li>\n<li data-start=\"1728\" data-end=\"1769\">\n<p data-start=\"1730\" data-end=\"1769\">Verf\u00fcgbarkeit geeigneter Alternativen<\/p>\n<\/li>\n<li data-start=\"1770\" data-end=\"1814\">\n<p data-start=\"1772\" data-end=\"1814\">Sicherheit und Qualit\u00e4t Ihrer Medikation<\/p>\n<\/li>\n<\/ul>\n<p data-start=\"1816\" data-end=\"1862\"><strong data-start=\"1819\" data-end=\"1837\">Mehr erfahren:<\/strong> <a href=\"https:\/\/apotheke-am-rheumazentrum.de\/index.php\/arzneimittelversorgung\/\"><em data-start=\"1838\" data-end=\"1862\">Arzneimittelversorgung<\/em><\/a><\/p>\n<hr data-start=\"1864\" data-end=\"1867\" \/>\n<h3 data-start=\"1869\" data-end=\"1902\"><strong data-start=\"1873\" data-end=\"1902\">Rheuma- &amp; Schmerztherapie<\/strong><\/h3>\n<p data-start=\"1904\" data-end=\"2132\">Als Apotheke mit besonderem Schwerpunkt auf rheumatische Erkrankungen verf\u00fcgen wir \u00fcber umfassende Erfahrung in der Beratung und Versorgung von Patientinnen und Patienten mit chronischen Schmerzen und entz\u00fcndlichen Erkrankungen.<\/p>\n<p data-start=\"2134\" data-end=\"2156\">Wir begleiten Sie bei:<\/p>\n<ul data-start=\"2157\" data-end=\"2257\">\n<li data-start=\"2157\" data-end=\"2175\">\n<p data-start=\"2159\" data-end=\"2175\">Basistherapien<\/p>\n<\/li>\n<li data-start=\"2176\" data-end=\"2214\">\n<p data-start=\"2178\" data-end=\"2214\">modernen Wirkstoffen und Biologika<\/p>\n<\/li>\n<li data-start=\"2215\" data-end=\"2257\">\n<p data-start=\"2217\" data-end=\"2257\">Schmerzmedikation und Begleittherapien<\/p>\n<\/li>\n<\/ul>\n<p data-start=\"2259\" data-end=\"2308\"><strong data-start=\"2262\" data-end=\"2280\">Mehr erfahren:<\/strong> <a href=\"https:\/\/apotheke-am-rheumazentrum.de\/index.php\/rheuma-schmerztherapie\/\"><em data-start=\"2281\" data-end=\"2308\">Rheuma- &amp; Schmerztherapie<\/em><\/a><\/p>\n<hr data-start=\"2310\" data-end=\"2313\" \/>\n<h3 data-start=\"2315\" data-end=\"2346\"><strong data-start=\"2319\" data-end=\"2346\">Individuelle Rezepturen<\/strong><\/h3>\n<p data-start=\"2348\" data-end=\"2583\">Nicht jede Therapie l\u00e4sst sich mit industriell gefertigten Arzneimitteln optimal umsetzen. In solchen F\u00e4llen stellen wir individuelle Rezepturen nach \u00e4rztlicher Verordnung her \u2013 pr\u00e4zise, sorgf\u00e4ltig und nach h\u00f6chsten Qualit\u00e4tsstandards.<\/p>\n<p data-start=\"2585\" data-end=\"2611\">Dazu z\u00e4hlen unter anderem:<\/p>\n<ul data-start=\"2612\" data-end=\"2710\">\n<li data-start=\"2612\" data-end=\"2633\">\n<p data-start=\"2614\" data-end=\"2633\">Salben und Cremes<\/p>\n<\/li>\n<li data-start=\"2634\" data-end=\"2669\">\n<p data-start=\"2636\" data-end=\"2669\">Kapseln in spezieller Dosierung<\/p>\n<\/li>\n<li data-start=\"2670\" data-end=\"2710\">\n<p data-start=\"2672\" data-end=\"2710\">individuelle L\u00f6sungen und Mischungen<\/p>\n<\/li>\n<\/ul>\n<p data-start=\"2712\" data-end=\"2759\"><strong data-start=\"2715\" data-end=\"2733\">Mehr erfahren:<\/strong> <a href=\"https:\/\/apotheke-am-rheumazentrum.de\/index.php\/individuelle-rezepturen\/\"><em data-start=\"2734\" data-end=\"2759\">Individuelle Rezepturen<\/em><\/a><\/p>\n<hr data-start=\"2761\" data-end=\"2764\" \/>\n<h3 data-start=\"2766\" data-end=\"2793\"><strong data-start=\"2770\" data-end=\"2793\">Medikationsberatung<\/strong><\/h3>\n<p data-start=\"2795\" data-end=\"2972\">Gerade bei mehreren gleichzeitig eingenommenen Medikamenten ist \u00dcbersicht entscheidend. Unsere Medikationsberatung sorgt f\u00fcr Klarheit, Sicherheit und Struktur in Ihrer Therapie.<\/p>\n<p data-start=\"2974\" data-end=\"2999\">Wir unterst\u00fctzen Sie bei:<\/p>\n<ul data-start=\"3000\" data-end=\"3095\">\n<li data-start=\"3000\" data-end=\"3028\">\n<p data-start=\"3002\" data-end=\"3028\">Wechselwirkungspr\u00fcfungen<\/p>\n<\/li>\n<li data-start=\"3029\" data-end=\"3049\">\n<p data-start=\"3031\" data-end=\"3049\">Dosierungsfragen<\/p>\n<\/li>\n<li data-start=\"3050\" data-end=\"3095\">\n<p data-start=\"3052\" data-end=\"3095\">Einnahmepl\u00e4nen und Medikations\u00fcbersichten<\/p>\n<\/li>\n<\/ul>\n<p data-start=\"3097\" data-end=\"3140\"><strong data-start=\"3100\" data-end=\"3118\">Mehr erfahren:<\/strong> <a href=\"https:\/\/apotheke-am-rheumazentrum.de\/index.php\/medikationsberatung\/\"><em data-start=\"3119\" data-end=\"3140\">Medikationsberatung<\/em><\/a><\/p>\n<hr data-start=\"3142\" data-end=\"3145\" \/>\n<h2 data-start=\"3147\" data-end=\"3201\"><strong data-start=\"3150\" data-end=\"3201\">Serviceleistungen, die Ihren Alltag erleichtern<\/strong><\/h2>\n<p data-start=\"3203\" data-end=\"3341\">Neben unseren pharmazeutischen Leistungen bieten wir Ihnen praktische Services, die Ihre Versorgung komfortabler und zuverl\u00e4ssiger machen.<\/p>\n<p data-start=\"3343\" data-end=\"3370\">Dazu geh\u00f6ren unter anderem:<\/p>\n<ul data-start=\"3371\" data-end=\"3508\">\n<li data-start=\"3371\" data-end=\"3405\">\n<p data-start=\"3373\" data-end=\"3405\">Vorbestellung von Medikamenten<\/p>\n<\/li>\n<li data-start=\"3406\" data-end=\"3456\">\n<p data-start=\"3408\" data-end=\"3456\">unser Botendienst f\u00fcr die Lieferung nach Hause<\/p>\n<\/li>\n<li data-start=\"3457\" data-end=\"3508\">\n<p data-start=\"3459\" data-end=\"3508\">verl\u00e4ssliche Unterst\u00fctzung bei Nachversorgungen<\/p>\n<\/li>\n<\/ul>\n<p data-start=\"3510\" data-end=\"3626\">Diese Services sind besonders hilfreich f\u00fcr Menschen mit eingeschr\u00e4nkter Mobilit\u00e4t oder bei langfristigen Therapien.<\/p>\n<p data-start=\"3628\" data-end=\"3677\"><strong data-start=\"3631\" data-end=\"3667\">Mehr dazu finden Sie im Bereich:<\/strong> <a href=\"https:\/\/apotheke-am-rheumazentrum.de\/index.php\/service\/\"><em data-start=\"3668\" data-end=\"3677\">Service<\/em><\/a><\/p>\n<hr data-start=\"3679\" data-end=\"3682\" \/>\n<h3 data-start=\"3684\" data-end=\"3737\">Unser Anspruch: Zeit, Vertrauen und Verantwortung<\/h3>\n<p data-start=\"3739\" data-end=\"3961\">Wir sehen uns nicht als kurzfristigen Ansprechpartner, sondern als langfristigen Begleiter Ihrer Gesundheit. Unser Anspruch ist es, Sie nicht nur zu versorgen, sondern Ihnen Sicherheit, Orientierung und Vertrauen zu geben.<\/p>\n<p data-start=\"3963\" data-end=\"4074\">Ganz gleich, ob es um eine einfache Rezeptabholung oder eine komplexe Dauertherapie geht \u2013 wir sind f\u00fcr Sie da.<\/p>\n","protected":false},"excerpt":{"rendered":"<p>Leistungen &amp; Services Umfassende pharmazeutische Leistungen \u2013 pers\u00f6nlich, sicher und zuverl\u00e4ssig Die Apotheke am RheumaZentrum Athanassios Kiroudis e.K. bietet Ihnen weit mehr als die klassische Abgabe von Medikamenten. Unsere Leistungen und Services sind darauf ausgerichtet, Sie ganzheitlich, individuell und langfristig zu begleiten \u2013 besonders bei chronischen Erkrankungen und komplexen Therapien. Dabei stehen f\u00fcr uns drei [&hellip;]<\/p>\n","protected":false},"author":1,"featured_media":30,"parent":0,"menu_order":0,"comment_status":"closed","ping_status":"closed","template":"page-templates\/page-full-width.php","meta":{"footnotes":""},"class_list":["post-67","page","type-page","status-publish","has-post-thumbnail","hentry"],"_links":{"self":[{"href":"https:\/\/apotheke-am-rheumazentrum.de\/index.php\/wp-json\/wp\/v2\/pages\/67","targetHints":{"allow":["GET"]}}],"collection":[{"href":"https:\/\/apotheke-am-rheumazentrum.de\/index.php\/wp-json\/wp\/v2\/pages"}],"about":[{"href":"https:\/\/apotheke-am-rheumazentrum.de\/index.php\/wp-json\/wp\/v2\/types\/page"}],"author":[{"embeddable":true,"href":"https:\/\/apotheke-am-rheumazentrum.de\/index.php\/wp-json\/wp\/v2\/users\/1"}],"replies":[{"embeddable":true,"href":"https:\/\/apotheke-am-rheumazentrum.de\/index.php\/wp-json\/wp\/v2\/comments?post=67"}],"version-history":[{"count":3,"href":"https:\/\/apotheke-am-rheumazentrum.de\/index.php\/wp-json\/wp\/v2\/pages\/67\/revisions"}],"predecessor-version":[{"id":133,"href":"https:\/\/apotheke-am-rheumazentrum.de\/index.php\/wp-json\/wp\/v2\/pages\/67\/revisions\/133"}],"wp:featuredmedia":[{"embeddable":true,"href":"https:\/\/apotheke-am-rheumazentrum.de\/index.php\/wp-json\/wp\/v2\/media\/30"}],"wp:attachment":[{"href":"https:\/\/apotheke-am-rheumazentrum.de\/index.php\/wp-json\/wp\/v2\/media?parent=67"}],"curies":[{"name":"wp","href":"https:\/\/api.w.org\/{rel}","templated":true}]}}