{"id":64,"date":"2026-02-10T17:08:00","date_gmt":"2026-02-10T17:08:00","guid":{"rendered":"https:\/\/apotheke-am-rheumazentrum.de\/?page_id=64"},"modified":"2026-02-10T17:22:48","modified_gmt":"2026-02-10T17:22:48","slug":"unsere-apotheke","status":"publish","type":"page","link":"https:\/\/apotheke-am-rheumazentrum.de\/index.php\/unsere-apotheke\/","title":{"rendered":"Unsere Apotheke"},"content":{"rendered":"<h2 data-start=\"1185\" data-end=\"1207\"><strong data-start=\"1188\" data-end=\"1207\">Unsere Apotheke<\/strong><\/h2>\n<h3 data-start=\"1209\" data-end=\"1246\">Kompetenz, N\u00e4he und Verantwortung<\/h3>\n<p data-start=\"1248\" data-end=\"1471\">Unsere Apotheke verbindet pharmazeutische Fachkompetenz mit pers\u00f6nlicher Beratung und moderner Organisation. Wir legen gro\u00dfen Wert auf Qualit\u00e4t, Sicherheit und eine vertrauensvolle Beziehung zu unseren Kundinnen und Kunden.<\/p>\n<p data-start=\"1473\" data-end=\"1706\">Unser Team nimmt sich Zeit f\u00fcr Ihre Anliegen und begleitet Sie verantwortungsvoll \u2013 besonders bei langfristigen oder komplexen Therapien. Transparenz, Freundlichkeit und Fachwissen bilden dabei die Grundlage unserer t\u00e4glichen Arbeit.<\/p>\n<p data-start=\"1473\" data-end=\"1706\"><img loading=\"lazy\" decoding=\"async\" class=\"alignnone wp-image-22\" src=\"https:\/\/apotheke-am-rheumazentrum.de\/wp-content\/uploads\/2026\/02\/Apotheke-am-RheumaZentrum-Ratingen-300x146.jpeg\" alt=\"\" width=\"438\" height=\"213\" srcset=\"https:\/\/apotheke-am-rheumazentrum.de\/wp-content\/uploads\/2026\/02\/Apotheke-am-RheumaZentrum-Ratingen-300x146.jpeg 300w, https:\/\/apotheke-am-rheumazentrum.de\/wp-content\/uploads\/2026\/02\/Apotheke-am-RheumaZentrum-Ratingen-1024x497.jpeg 1024w, https:\/\/apotheke-am-rheumazentrum.de\/wp-content\/uploads\/2026\/02\/Apotheke-am-RheumaZentrum-Ratingen-768x373.jpeg 768w, https:\/\/apotheke-am-rheumazentrum.de\/wp-content\/uploads\/2026\/02\/Apotheke-am-RheumaZentrum-Ratingen-1536x746.jpeg 1536w, https:\/\/apotheke-am-rheumazentrum.de\/wp-content\/uploads\/2026\/02\/Apotheke-am-RheumaZentrum-Ratingen.jpeg 2000w\" sizes=\"auto, (max-width: 438px) 100vw, 438px\" \/><\/p>\n<p data-start=\"1708\" data-end=\"1749\"><strong data-start=\"1711\" data-end=\"1747\">Mehr \u00fcber uns erfahren Sie hier:<\/strong><\/p>\n<ul data-start=\"1750\" data-end=\"1787\">\n<li data-start=\"1750\" data-end=\"1764\">\n<p data-start=\"1752\" data-end=\"1764\"><em><a href=\"https:\/\/apotheke-am-rheumazentrum.de\/index.php\/ueber-uns\/\">\u00dcber uns<\/a><\/em><\/p>\n<\/li>\n<li data-start=\"1765\" data-end=\"1787\">\n<p data-start=\"1767\" data-end=\"1787\"><a href=\"https:\/\/apotheke-am-rheumazentrum.de\/index.php\/philosophie\/\"><em data-start=\"1767\" data-end=\"1787\">Unsere Philosophie<\/em><\/a><\/p>\n<\/li>\n<\/ul>\n","protected":false},"excerpt":{"rendered":"<p>Unsere Apotheke Kompetenz, N\u00e4he und Verantwortung Unsere Apotheke verbindet pharmazeutische Fachkompetenz mit pers\u00f6nlicher Beratung und moderner Organisation. Wir legen gro\u00dfen Wert auf Qualit\u00e4t, Sicherheit und eine vertrauensvolle Beziehung zu unseren Kundinnen und Kunden. Unser Team nimmt sich Zeit f\u00fcr Ihre Anliegen und begleitet Sie verantwortungsvoll \u2013 besonders bei langfristigen oder komplexen Therapien. Transparenz, Freundlichkeit und [&hellip;]<\/p>\n","protected":false},"author":1,"featured_media":22,"parent":0,"menu_order":0,"comment_status":"closed","ping_status":"closed","template":"page-templates\/page-full-width.php","meta":{"footnotes":""},"class_list":["post-64","page","type-page","status-publish","has-post-thumbnail","hentry"],"_links":{"self":[{"href":"https:\/\/apotheke-am-rheumazentrum.de\/index.php\/wp-json\/wp\/v2\/pages\/64","targetHints":{"allow":["GET"]}}],"collection":[{"href":"https:\/\/apotheke-am-rheumazentrum.de\/index.php\/wp-json\/wp\/v2\/pages"}],"about":[{"href":"https:\/\/apotheke-am-rheumazentrum.de\/index.php\/wp-json\/wp\/v2\/types\/page"}],"author":[{"embeddable":true,"href":"https:\/\/apotheke-am-rheumazentrum.de\/index.php\/wp-json\/wp\/v2\/users\/1"}],"replies":[{"embeddable":true,"href":"https:\/\/apotheke-am-rheumazentrum.de\/index.php\/wp-json\/wp\/v2\/comments?post=64"}],"version-history":[{"count":3,"href":"https:\/\/apotheke-am-rheumazentrum.de\/index.php\/wp-json\/wp\/v2\/pages\/64\/revisions"}],"predecessor-version":[{"id":123,"href":"https:\/\/apotheke-am-rheumazentrum.de\/index.php\/wp-json\/wp\/v2\/pages\/64\/revisions\/123"}],"wp:featuredmedia":[{"embeddable":true,"href":"https:\/\/apotheke-am-rheumazentrum.de\/index.php\/wp-json\/wp\/v2\/media\/22"}],"wp:attachment":[{"href":"https:\/\/apotheke-am-rheumazentrum.de\/index.php\/wp-json\/wp\/v2\/media?parent=64"}],"curies":[{"name":"wp","href":"https:\/\/api.w.org\/{rel}","templated":true}]}}