{"id":55,"date":"2026-02-10T17:03:49","date_gmt":"2026-02-10T17:03:49","guid":{"rendered":"https:\/\/apotheke-am-rheumazentrum.de\/?page_id=55"},"modified":"2026-02-10T17:53:03","modified_gmt":"2026-02-10T17:53:03","slug":"philosophie","status":"publish","type":"page","link":"https:\/\/apotheke-am-rheumazentrum.de\/index.php\/philosophie\/","title":{"rendered":"Philosophie"},"content":{"rendered":"<h2 data-start=\"171\" data-end=\"196\"><strong data-start=\"174\" data-end=\"196\">Unsere Philosophie<\/strong><\/h2>\n<h3 data-start=\"198\" data-end=\"254\">Gesundheit braucht Vertrauen, Zeit und Verantwortung<\/h3>\n<p data-start=\"256\" data-end=\"487\">Die Philosophie der <strong data-start=\"276\" data-end=\"331\">Apotheke am RheumaZentrum Athanassios Kiroudis e.K.<\/strong> basiert auf einem einfachen, aber entscheidenden Grundsatz:<br data-start=\"391\" data-end=\"394\" \/><strong data-start=\"394\" data-end=\"487\">Jeder Mensch verdient eine individuelle, sichere und verst\u00e4ndliche Gesundheitsversorgung.<\/strong><\/p>\n<p data-start=\"489\" data-end=\"725\">Wir glauben, dass gute pharmazeutische Betreuung weit \u00fcber die Abgabe von Medikamenten hinausgeht. Sie beginnt mit Zuh\u00f6ren, setzt sich in fachlich fundierter Beratung fort und zeigt sich in einer langfristigen, verl\u00e4sslichen Begleitung.<\/p>\n<hr data-start=\"727\" data-end=\"730\" \/>\n<h3 data-start=\"732\" data-end=\"761\">Der Mensch im Mittelpunkt<\/h3>\n<p data-start=\"763\" data-end=\"1053\">F\u00fcr uns steht nicht das Produkt, sondern der Mensch im Vordergrund. Jede gesundheitliche Situation ist einzigartig \u2013 und genau so individuell sollte auch die Beratung sein. Wir nehmen uns Zeit, Ihre Fragen zu verstehen, Ihre Sorgen ernst zu nehmen und gemeinsam passende L\u00f6sungen zu finden.<\/p>\n<p data-start=\"1055\" data-end=\"1087\">Dabei legen wir gro\u00dfen Wert auf:<\/p>\n<ul data-start=\"1088\" data-end=\"1211\">\n<li data-start=\"1088\" data-end=\"1127\">\n<p data-start=\"1090\" data-end=\"1127\">pers\u00f6nliche Gespr\u00e4che auf Augenh\u00f6he<\/p>\n<\/li>\n<li data-start=\"1128\" data-end=\"1169\">\n<p data-start=\"1130\" data-end=\"1169\">respektvollen und empathischen Umgang<\/p>\n<\/li>\n<li data-start=\"1170\" data-end=\"1211\">\n<p data-start=\"1172\" data-end=\"1211\">diskrete und vertrauensvolle Beratung<\/p>\n<\/li>\n<\/ul>\n<p data-start=\"1213\" data-end=\"1305\">Denn nur wer sich verstanden f\u00fchlt, kann Entscheidungen f\u00fcr seine Gesundheit sicher treffen.<\/p>\n<hr data-start=\"1307\" data-end=\"1310\" \/>\n<h3 data-start=\"1312\" data-end=\"1351\">Verantwortung in jeder Entscheidung<\/h3>\n<p data-start=\"1353\" data-end=\"1616\">Arzneimittel sind wirksame und wertvolle Therapieinstrumente \u2013 sie erfordern jedoch Fachwissen, Sorgfalt und Verantwortung. Unsere Arbeit ist gepr\u00e4gt von einem hohen Qualit\u00e4tsanspruch und dem Bewusstsein, dass jede Empfehlung Auswirkungen auf Ihre Gesundheit hat.<\/p>\n<p data-start=\"1618\" data-end=\"1644\">Deshalb handeln wir stets:<\/p>\n<ul data-start=\"1645\" data-end=\"1706\">\n<li data-start=\"1645\" data-end=\"1659\">\n<p data-start=\"1647\" data-end=\"1659\">sorgf\u00e4ltig<\/p>\n<\/li>\n<li data-start=\"1660\" data-end=\"1676\">\n<p data-start=\"1662\" data-end=\"1676\">gewissenhaft<\/p>\n<\/li>\n<li data-start=\"1677\" data-end=\"1706\">\n<p data-start=\"1679\" data-end=\"1706\">wissenschaftlich fundiert<\/p>\n<\/li>\n<\/ul>\n<p data-start=\"1708\" data-end=\"1805\">Arzneimittelsicherheit und Therapietreue sind f\u00fcr uns keine Schlagworte, sondern gelebter Alltag.<\/p>\n<p data-start=\"1807\" data-end=\"1850\"><strong data-start=\"1810\" data-end=\"1848\">Mehr dazu erfahren Sie im Bereich:<\/strong><\/p>\n<ul data-start=\"1851\" data-end=\"1903\">\n<li data-start=\"1851\" data-end=\"1879\">\n<p data-start=\"1853\" data-end=\"1879\"><a href=\"https:\/\/apotheke-am-rheumazentrum.de\/index.php\/arzneimittelversorgung\/\"><em data-start=\"1853\" data-end=\"1877\">Arzneimittelversorgung<\/em><\/a><\/p>\n<\/li>\n<li data-start=\"1880\" data-end=\"1903\">\n<p data-start=\"1882\" data-end=\"1903\"><a href=\"https:\/\/apotheke-am-rheumazentrum.de\/index.php\/medikationsberatung\/\"><em data-start=\"1882\" data-end=\"1903\">Medikationsberatung<\/em><\/a><\/p>\n<\/li>\n<\/ul>\n<hr data-start=\"1905\" data-end=\"1908\" \/>\n<h3 data-start=\"1910\" data-end=\"1954\">Spezialisierung als Qualit\u00e4tsversprechen<\/h3>\n<p data-start=\"1956\" data-end=\"2162\">Ein zentraler Bestandteil unserer Philosophie ist die fachliche Spezialisierung. Besonders in der Versorgung von Menschen mit rheumatischen und chronischen Erkrankungen ist tiefgehendes Wissen unerl\u00e4sslich.<\/p>\n<p data-start=\"2164\" data-end=\"2342\">Durch kontinuierliche Fortbildung und Erfahrung k\u00f6nnen wir Therapien besser begleiten, Risiken fr\u00fchzeitig erkennen und Ihnen Sicherheit geben \u2013 \u00fcber einen langen Zeitraum hinweg.<\/p>\n<p data-start=\"2344\" data-end=\"2396\"><strong data-start=\"2347\" data-end=\"2394\">Vertiefende Informationen finden Sie unter:<\/strong><\/p>\n<ul data-start=\"2397\" data-end=\"2451\">\n<li data-start=\"2397\" data-end=\"2421\">\n<p data-start=\"2399\" data-end=\"2421\"><a href=\"https:\/\/apotheke-am-rheumazentrum.de\/index.php\/schwerpunkt-rheuma\/\"><em data-start=\"2399\" data-end=\"2419\">Schwerpunkt Rheuma<\/em><\/a><\/p>\n<\/li>\n<li data-start=\"2422\" data-end=\"2451\">\n<p data-start=\"2424\" data-end=\"2451\"><a href=\"https:\/\/apotheke-am-rheumazentrum.de\/index.php\/rheuma-schmerztherapie\/\"><em data-start=\"2424\" data-end=\"2451\">Rheuma- &amp; Schmerztherapie<\/em><\/a><\/p>\n<\/li>\n<\/ul>\n<hr data-start=\"2453\" data-end=\"2456\" \/>\n<h3 data-start=\"2458\" data-end=\"2508\">Nachhaltige Betreuung statt schneller L\u00f6sungen<\/h3>\n<p data-start=\"2510\" data-end=\"2757\">Wir glauben an nachhaltige Gesundheitsversorgung. Das bedeutet f\u00fcr uns, Sie nicht nur punktuell zu beraten, sondern langfristig zu begleiten. Eine vertrauensvolle Beziehung zwischen Apotheke und Patient ist f\u00fcr den Therapieerfolg oft entscheidend.<\/p>\n<p data-start=\"2759\" data-end=\"2794\">Unsere Philosophie setzt daher auf:<\/p>\n<ul data-start=\"2795\" data-end=\"2857\">\n<li data-start=\"2795\" data-end=\"2810\">\n<p data-start=\"2797\" data-end=\"2810\">Kontinuit\u00e4t<\/p>\n<\/li>\n<li data-start=\"2811\" data-end=\"2830\">\n<p data-start=\"2813\" data-end=\"2830\">Verl\u00e4sslichkeit<\/p>\n<\/li>\n<li data-start=\"2831\" data-end=\"2857\">\n<p data-start=\"2833\" data-end=\"2857\">langfristige Betreuung<\/p>\n<\/li>\n<\/ul>\n<hr data-start=\"2859\" data-end=\"2862\" \/>\n<h3 data-start=\"2864\" data-end=\"2892\">Unser Versprechen an Sie<\/h3>\n<p data-start=\"2894\" data-end=\"3120\">Wir versprechen Ihnen, Ihre Gesundheit stets ernst zu nehmen und Sie mit Kompetenz, Ehrlichkeit und Menschlichkeit zu begleiten. Unsere Philosophie ist kein Leitbild auf Papier, sondern ein t\u00e4glicher Anspruch an unsere Arbeit.<\/p>\n<hr data-start=\"3122\" data-end=\"3125\" \/>\n<h3 data-start=\"3127\" data-end=\"3164\">Lernen Sie unsere Apotheke kennen<\/h3>\n<p data-start=\"3166\" data-end=\"3330\">Wenn Sie mehr \u00fcber unsere Arbeit und unser Team erfahren m\u00f6chten, laden wir Sie herzlich ein, unsere weiteren Seiten zu besuchen oder uns pers\u00f6nlich kennenzulernen.<\/p>\n<p data-start=\"3332\" data-end=\"3363\"><strong data-start=\"3335\" data-end=\"3361\">Weiterf\u00fchrende Seiten:<\/strong><\/p>\n<ul data-start=\"3364\" data-end=\"3428\">\n<li data-start=\"3364\" data-end=\"3378\">\n<p data-start=\"3366\" data-end=\"3378\"><a href=\"https:\/\/apotheke-am-rheumazentrum.de\/index.php\/ueber-uns\/\"><em data-start=\"3366\" data-end=\"3376\">\u00dcber uns<\/em><\/a><\/p>\n<\/li>\n<li data-start=\"3379\" data-end=\"3406\">\n<p data-start=\"3381\" data-end=\"3406\"><a href=\"https:\/\/apotheke-am-rheumazentrum.de\/index.php\/leistungen-services\/\"><em data-start=\"3381\" data-end=\"3404\">Leistungen &amp; Services<\/em><\/a><\/p>\n<\/li>\n<li data-start=\"3407\" data-end=\"3428\">\n<p data-start=\"3409\" data-end=\"3428\"><a href=\"https:\/\/apotheke-am-rheumazentrum.de\/index.php\/kontakt-anfahrt\/\"><em data-start=\"3409\" data-end=\"3428\">Kontakt &amp; Anfahrt<\/em><\/a><\/p>\n<\/li>\n<\/ul>\n","protected":false},"excerpt":{"rendered":"<p>Unsere Philosophie Gesundheit braucht Vertrauen, Zeit und Verantwortung Die Philosophie der Apotheke am RheumaZentrum Athanassios Kiroudis e.K. basiert auf einem einfachen, aber entscheidenden Grundsatz:Jeder Mensch verdient eine individuelle, sichere und verst\u00e4ndliche Gesundheitsversorgung. Wir glauben, dass gute pharmazeutische Betreuung weit \u00fcber die Abgabe von Medikamenten hinausgeht. Sie beginnt mit Zuh\u00f6ren, setzt sich in fachlich fundierter Beratung [&hellip;]<\/p>\n","protected":false},"author":1,"featured_media":0,"parent":0,"menu_order":0,"comment_status":"closed","ping_status":"closed","template":"page-templates\/page-full-width.php","meta":{"footnotes":""},"class_list":["post-55","page","type-page","status-publish","hentry"],"_links":{"self":[{"href":"https:\/\/apotheke-am-rheumazentrum.de\/index.php\/wp-json\/wp\/v2\/pages\/55","targetHints":{"allow":["GET"]}}],"collection":[{"href":"https:\/\/apotheke-am-rheumazentrum.de\/index.php\/wp-json\/wp\/v2\/pages"}],"about":[{"href":"https:\/\/apotheke-am-rheumazentrum.de\/index.php\/wp-json\/wp\/v2\/types\/page"}],"author":[{"embeddable":true,"href":"https:\/\/apotheke-am-rheumazentrum.de\/index.php\/wp-json\/wp\/v2\/users\/1"}],"replies":[{"embeddable":true,"href":"https:\/\/apotheke-am-rheumazentrum.de\/index.php\/wp-json\/wp\/v2\/comments?post=55"}],"version-history":[{"count":3,"href":"https:\/\/apotheke-am-rheumazentrum.de\/index.php\/wp-json\/wp\/v2\/pages\/55\/revisions"}],"predecessor-version":[{"id":137,"href":"https:\/\/apotheke-am-rheumazentrum.de\/index.php\/wp-json\/wp\/v2\/pages\/55\/revisions\/137"}],"wp:attachment":[{"href":"https:\/\/apotheke-am-rheumazentrum.de\/index.php\/wp-json\/wp\/v2\/media?parent=55"}],"curies":[{"name":"wp","href":"https:\/\/api.w.org\/{rel}","templated":true}]}}