{"id":166,"date":"2026-02-10T18:59:04","date_gmt":"2026-02-10T18:59:04","guid":{"rendered":"https:\/\/apotheke-am-rheumazentrum.de\/?page_id=166"},"modified":"2026-03-26T19:33:27","modified_gmt":"2026-03-26T19:33:27","slug":"impressum","status":"publish","type":"page","link":"https:\/\/apotheke-am-rheumazentrum.de\/index.php\/impressum\/","title":{"rendered":"Impressum"},"content":{"rendered":"<h1 data-start=\"474\" data-end=\"489\"><strong data-start=\"476\" data-end=\"489\">Impressum<\/strong><\/h1>\n<p data-start=\"491\" data-end=\"512\">Angaben gem\u00e4\u00df \u00a7 5 TMG<\/p>\n<p data-start=\"514\" data-end=\"624\"><strong data-start=\"514\" data-end=\"569\">Apotheke am RheumaZentrum Athanassios Kiroudis e.K.<\/strong><br data-start=\"569\" data-end=\"572\" \/>Calor-Emag-Stra\u00dfe 3\u20135<br data-start=\"593\" data-end=\"596\" \/>40878 Ratingen<br data-start=\"610\" data-end=\"613\" \/>Deutschland<\/p>\n<p data-start=\"626\" data-end=\"654\"><strong data-start=\"626\" data-end=\"638\">Telefon:<\/strong> 02102 5556798<\/p>\n<hr data-start=\"656\" data-end=\"659\" \/>\n<h3 data-start=\"661\" data-end=\"676\"><strong data-start=\"665\" data-end=\"676\">Inhaber<\/strong><\/h3>\n<p data-start=\"677\" data-end=\"697\">Athanassios Kiroudis<\/p>\n<hr data-start=\"699\" data-end=\"702\" \/>\n<h3 data-start=\"704\" data-end=\"722\"><strong data-start=\"708\" data-end=\"722\">Rechtsform<\/strong><\/h3>\n<p data-start=\"723\" data-end=\"752\">Eingetragener Kaufmann (e.K.)<\/p>\n<hr data-start=\"754\" data-end=\"757\" \/>\n<h3 data-start=\"759\" data-end=\"782\"><strong data-start=\"763\" data-end=\"782\">Registereintrag<\/strong><\/h3>\n<p data-start=\"783\" data-end=\"921\">Eingetragen im Handelsregister<br data-start=\"813\" data-end=\"816\" \/>Registergericht: Amtsgericht D\u00fcsseldorf<br data-start=\"855\" data-end=\"858\" \/>Registernummer: HRA 28452<\/p>\n<hr data-start=\"923\" data-end=\"926\" \/>\n<h3 data-start=\"928\" data-end=\"952\"><strong data-start=\"932\" data-end=\"952\">Aufsichtsbeh\u00f6rde<\/strong><\/h3>\n<p data-start=\"953\" data-end=\"980\">Kreis Mettmann vertreten durch Landr\u00e4tin Dr. Bettina Warnecke<br \/>\nD\u00fcsseldorfer Stra\u00dfe 26<br \/>\n40822 Mettmann<\/p>\n<p>Telefon:\u00a0<a href=\"tel:02104 99-0\">02104 99-0<\/a><br \/>\n<a href=\"https:\/\/www.kreis-mettmann.de\/\" target=\"blank\" rel=\"noopener noreferrer nofollow\">https:\/\/www.kreis-mettmann.de\/<\/a><\/p>\n<hr data-start=\"982\" data-end=\"985\" \/>\n<h3 data-start=\"987\" data-end=\"1001\"><strong data-start=\"991\" data-end=\"1001\">Kammer<\/strong><\/h3>\n<p data-start=\"1002\" data-end=\"1075\">Apothekerkammer Nordrhein<br data-start=\"1027\" data-end=\"1030\" \/>Poststra\u00dfe 4<br data-start=\"1042\" data-end=\"1045\" \/>40213 D\u00fcsseldorf<br data-start=\"1061\" data-end=\"1064\" \/><a class=\"decorated-link cursor-pointer\" target=\"_new\" rel=\"noopener\" data-start=\"1064\" data-end=\"1075\">www.aknr.de<\/a><\/p>\n<hr data-start=\"1077\" data-end=\"1080\" \/>\n<h3 data-start=\"1082\" data-end=\"1107\"><strong data-start=\"1086\" data-end=\"1107\">Berufsbezeichnung<\/strong><\/h3>\n<p data-start=\"1108\" data-end=\"1163\">Apotheker (verliehen in der Bundesrepublik Deutschland)<\/p>\n<hr data-start=\"1165\" data-end=\"1168\" \/>\n<h3 data-start=\"1170\" data-end=\"1205\"><strong data-start=\"1174\" data-end=\"1205\">Berufsrechtliche Regelungen<\/strong><\/h3>\n<ul data-start=\"1206\" data-end=\"1319\">\n<li data-start=\"1206\" data-end=\"1232\">\n<p data-start=\"1208\" data-end=\"1232\">Apothekengesetz (ApoG)<\/p>\n<\/li>\n<li data-start=\"1233\" data-end=\"1271\">\n<p data-start=\"1235\" data-end=\"1271\">Apothekenbetriebsordnung (ApBetrO)<\/p>\n<\/li>\n<li data-start=\"1272\" data-end=\"1319\">\n<p data-start=\"1274\" data-end=\"1319\">Berufsordnung der Apothekerkammer Nordrhein<\/p>\n<\/li>\n<\/ul>\n<p data-start=\"1321\" data-end=\"1379\">Die Regelungen sind einsehbar unter:<br data-start=\"1357\" data-end=\"1360\" \/><a class=\"decorated-link\" href=\"https:\/\/www.aknr.de\" target=\"_new\" rel=\"noopener\" data-start=\"1360\" data-end=\"1379\">https:\/\/www.aknr.de<\/a><\/p>\n<hr data-start=\"1500\" data-end=\"1503\" \/>\n<h3 data-start=\"1505\" data-end=\"1532\"><strong data-start=\"1509\" data-end=\"1532\">Haftung f\u00fcr Inhalte<\/strong><\/h3>\n<p data-start=\"1533\" data-end=\"1772\">Als Diensteanbieter sind wir gem\u00e4\u00df \u00a7 7 Abs. 1 TMG f\u00fcr eigene Inhalte auf diesen Seiten nach den allgemeinen Gesetzen verantwortlich. F\u00fcr die Richtigkeit, Vollst\u00e4ndigkeit und Aktualit\u00e4t der Inhalte k\u00f6nnen wir jedoch keine Gew\u00e4hr \u00fcbernehmen.<\/p>\n<hr data-start=\"1774\" data-end=\"1777\" \/>\n<h3 data-start=\"1779\" data-end=\"1804\"><strong data-start=\"1783\" data-end=\"1804\">Haftung f\u00fcr Links<\/strong><\/h3>\n<p data-start=\"1805\" data-end=\"1963\">Unsere Website enth\u00e4lt Links zu externen Websites Dritter. Auf deren Inhalte haben wir keinen Einfluss. F\u00fcr diese fremden Inhalte \u00fcbernehmen wir keine Gew\u00e4hr.<\/p>\n<hr data-start=\"1965\" data-end=\"1968\" \/>\n<h3 data-start=\"1970\" data-end=\"1990\"><strong data-start=\"1974\" data-end=\"1990\">Urheberrecht<\/strong><\/h3>\n<p data-start=\"1991\" data-end=\"2107\">Die durch den Seitenbetreiber erstellten Inhalte und Werke auf diesen Seiten unterliegen dem deutschen Urheberrecht.<\/p>\n","protected":false},"excerpt":{"rendered":"<p>Impressum Angaben gem\u00e4\u00df \u00a7 5 TMG Apotheke am RheumaZentrum Athanassios Kiroudis e.K.Calor-Emag-Stra\u00dfe 3\u2013540878 RatingenDeutschland Telefon: 02102 5556798 Inhaber Athanassios Kiroudis Rechtsform Eingetragener Kaufmann (e.K.) Registereintrag Eingetragen im HandelsregisterRegistergericht: Amtsgericht D\u00fcsseldorfRegisternummer: HRA 28452 Aufsichtsbeh\u00f6rde Kreis Mettmann vertreten durch Landr\u00e4tin Dr. Bettina Warnecke D\u00fcsseldorfer Stra\u00dfe 26 40822 Mettmann Telefon:\u00a002104 99-0 https:\/\/www.kreis-mettmann.de\/ Kammer Apothekerkammer NordrheinPoststra\u00dfe 440213 D\u00fcsseldorfwww.aknr.de Berufsbezeichnung [&hellip;]<\/p>\n","protected":false},"author":1,"featured_media":0,"parent":0,"menu_order":0,"comment_status":"closed","ping_status":"closed","template":"page-templates\/page-full-width.php","meta":{"footnotes":""},"class_list":["post-166","page","type-page","status-publish","hentry"],"_links":{"self":[{"href":"https:\/\/apotheke-am-rheumazentrum.de\/index.php\/wp-json\/wp\/v2\/pages\/166","targetHints":{"allow":["GET"]}}],"collection":[{"href":"https:\/\/apotheke-am-rheumazentrum.de\/index.php\/wp-json\/wp\/v2\/pages"}],"about":[{"href":"https:\/\/apotheke-am-rheumazentrum.de\/index.php\/wp-json\/wp\/v2\/types\/page"}],"author":[{"embeddable":true,"href":"https:\/\/apotheke-am-rheumazentrum.de\/index.php\/wp-json\/wp\/v2\/users\/1"}],"replies":[{"embeddable":true,"href":"https:\/\/apotheke-am-rheumazentrum.de\/index.php\/wp-json\/wp\/v2\/comments?post=166"}],"version-history":[{"count":3,"href":"https:\/\/apotheke-am-rheumazentrum.de\/index.php\/wp-json\/wp\/v2\/pages\/166\/revisions"}],"predecessor-version":[{"id":203,"href":"https:\/\/apotheke-am-rheumazentrum.de\/index.php\/wp-json\/wp\/v2\/pages\/166\/revisions\/203"}],"wp:attachment":[{"href":"https:\/\/apotheke-am-rheumazentrum.de\/index.php\/wp-json\/wp\/v2\/media?parent=166"}],"curies":[{"name":"wp","href":"https:\/\/api.w.org\/{rel}","templated":true}]}}