{"id":118,"date":"2026-02-10T17:14:12","date_gmt":"2026-02-10T17:14:12","guid":{"rendered":"https:\/\/apotheke-am-rheumazentrum.de\/?page_id=118"},"modified":"2026-02-10T18:54:51","modified_gmt":"2026-02-10T18:54:51","slug":"kontakt-anfahrt","status":"publish","type":"page","link":"https:\/\/apotheke-am-rheumazentrum.de\/index.php\/kontakt-anfahrt\/","title":{"rendered":"Kontakt &#038; Anfahrt"},"content":{"rendered":"<h2 data-start=\"226\" data-end=\"250\"><strong data-start=\"229\" data-end=\"250\">Kontakt &amp; Anfahrt<\/strong><\/h2>\n<h3 data-start=\"252\" data-end=\"312\">Wir sind pers\u00f6nlich f\u00fcr Sie da \u2013 vor Ort und telefonisch<\/h3>\n<p data-start=\"314\" data-end=\"625\">Sie haben Fragen zu Ihrer Medikation, m\u00f6chten eine Beratung in Anspruch nehmen oder uns pers\u00f6nlich besuchen? In der <strong data-start=\"430\" data-end=\"485\">Apotheke am RheumaZentrum Athanassios Kiroudis e.K.<\/strong> sind wir gerne f\u00fcr Sie da. Ob telefonisch, vor Ort oder im Rahmen unserer Serviceangebote \u2013 wir unterst\u00fctzen Sie zuverl\u00e4ssig und kompetent.<\/p>\n<p data-start=\"627\" data-end=\"699\">Z\u00f6gern Sie nicht, uns anzusprechen. Ihre Gesundheit liegt uns am Herzen.<\/p>\n<hr data-start=\"701\" data-end=\"704\" \/>\n<h2 data-start=\"706\" data-end=\"733\"><strong data-start=\"709\" data-end=\"733\">So erreichen Sie uns<\/strong><\/h2>\n<p data-start=\"735\" data-end=\"787\"><strong data-start=\"735\" data-end=\"746\">Adresse<\/strong><br data-start=\"746\" data-end=\"749\" \/>Calor-Emag-Stra\u00dfe 5<br data-start=\"768\" data-end=\"771\" \/>40878 Ratingen<\/p>\n<p data-start=\"789\" data-end=\"823\"><strong data-start=\"789\" data-end=\"800\">Telefon<\/strong><br data-start=\"800\" data-end=\"803\" \/>\ud83d\udcde 02102 555 67 98<\/p>\n<p data-start=\"825\" data-end=\"940\">Gerne beantworten wir Ihre Fragen pers\u00f6nlich und beraten Sie zu unseren Leistungen, Services oder Ihrer Medikation.<\/p>\n<hr data-start=\"942\" data-end=\"945\" \/>\n<h2 data-start=\"947\" data-end=\"961\"><strong data-start=\"950\" data-end=\"961\">Anfahrt<\/strong><\/h2>\n<h3 data-start=\"963\" data-end=\"1001\">Zentral gelegen und gut erreichbar<\/h3>\n<p data-start=\"1003\" data-end=\"1156\">Unsere Apotheke befindet sich in zentraler Lage in Ratingen und ist sowohl zu Fu\u00df als auch mit \u00f6ffentlichen Verkehrsmitteln oder dem Auto gut erreichbar.<\/p>\n<ul data-start=\"1158\" data-end=\"1297\">\n<li data-start=\"1158\" data-end=\"1207\">\n<p data-start=\"1160\" data-end=\"1207\">gute Anbindung an den \u00f6ffentlichen Nahverkehr<\/p>\n<\/li>\n<li data-start=\"1208\" data-end=\"1272\">\n<p data-start=\"1210\" data-end=\"1272\">kurze Wege f\u00fcr Patientinnen und Patienten des RheumaZentrums<\/p>\n<\/li>\n<li data-start=\"1273\" data-end=\"1297\">\n<p data-start=\"1275\" data-end=\"1297\">barrierearmer Zugang<\/p>\n<\/li>\n<\/ul>\n<p data-start=\"1299\" data-end=\"1345\">So erreichen Sie uns bequem und unkompliziert.<\/p>\n<h2 data-start=\"207\" data-end=\"229\"><strong data-start=\"210\" data-end=\"229\">Wegbeschreibung<\/strong><\/h2>\n<h3 data-start=\"231\" data-end=\"247\">\ud83d\udeb6\u200d\u2640\ufe0f Zu Fu\u00df<\/h3>\n<p data-start=\"248\" data-end=\"443\">Unsere Apotheke befindet sich zentral in Ratingen und ist fu\u00dfl\u00e4ufig gut erreichbar. Vom Stadtzentrum aus erreichen Sie uns in wenigen Minuten. Der Eingang ist ebenerdig und barrierearm gestaltet.<\/p>\n<hr data-start=\"445\" data-end=\"448\" \/>\n<h3 data-start=\"450\" data-end=\"489\">\ud83d\ude8c Mit \u00f6ffentlichen Verkehrsmitteln<\/h3>\n<p data-start=\"490\" data-end=\"549\">Ratingen ist gut an den \u00f6ffentlichen Nahverkehr angebunden.<\/p>\n<ul data-start=\"551\" data-end=\"770\">\n<li data-start=\"551\" data-end=\"617\">\n<p data-start=\"553\" data-end=\"617\">Nutzen Sie Bus- oder Bahnverbindungen bis <strong data-start=\"595\" data-end=\"615\">Ratingen Zentrum<\/strong><\/p>\n<\/li>\n<li data-start=\"618\" data-end=\"688\">\n<p data-start=\"620\" data-end=\"688\">Von dort erreichen Sie die <strong data-start=\"647\" data-end=\"668\">Calor-Emag-Stra\u00dfe<\/strong> in kurzer Gehzeit<\/p>\n<\/li>\n<li data-start=\"689\" data-end=\"770\">\n<p data-start=\"691\" data-end=\"770\">Die Apotheke befindet sich direkt am RheumaZentrum und ist gut ausgeschildert<\/p>\n<\/li>\n<\/ul>\n<p data-start=\"772\" data-end=\"825\">Bei Bedarf helfen wir Ihnen gerne telefonisch weiter.<\/p>\n<hr data-start=\"827\" data-end=\"830\" \/>\n<h3 data-start=\"832\" data-end=\"851\">\ud83d\ude97 Mit dem Auto<\/h3>\n<p data-start=\"852\" data-end=\"946\">Wenn Sie mit dem Auto anreisen, geben Sie bitte folgende Adresse in Ihr Navigationssystem ein:<\/p>\n<p data-start=\"948\" data-end=\"987\"><strong data-start=\"948\" data-end=\"987\">Calor-Emag-Stra\u00dfe 5, 40878 Ratingen<\/strong><\/p>\n<ul data-start=\"989\" data-end=\"1130\">\n<li data-start=\"989\" data-end=\"1028\">\n<p data-start=\"991\" data-end=\"1028\">Die Apotheke ist gut ausgeschildert<\/p>\n<\/li>\n<li data-start=\"1029\" data-end=\"1088\">\n<p data-start=\"1031\" data-end=\"1088\">Parkm\u00f6glichkeiten befinden sich in der n\u00e4heren Umgebung<\/p>\n<\/li>\n<li data-start=\"1089\" data-end=\"1130\">\n<p data-start=\"1091\" data-end=\"1130\">Kurze Wege vom Parkplatz zur Apotheke<\/p>\n<\/li>\n<\/ul>\n<p data-start=\"1132\" data-end=\"1202\">So ist auch eine Anfahrt mit eingeschr\u00e4nkter Mobilit\u00e4t bequem m\u00f6glich.<\/p>\n<hr data-start=\"1204\" data-end=\"1207\" \/>\n<h3 data-start=\"1209\" data-end=\"1231\">\u267f Barrierefreiheit<\/h3>\n<p data-start=\"1232\" data-end=\"1349\">Unsere Apotheke ist barrierearm zug\u00e4nglich und somit auch f\u00fcr Rollatoren, Rollst\u00fchle oder Kinderwagen gut erreichbar.<\/p>\n<hr data-start=\"1351\" data-end=\"1354\" \/>\n<h3 data-start=\"1356\" data-end=\"1377\">\ud83d\uddfa\ufe0f Routenplanung<\/h3>\n<p data-start=\"1378\" data-end=\"1581\">F\u00fcr eine einfache Anfahrt empfehlen wir die Nutzung eines Online-Kartendienstes. Dort k\u00f6nnen Sie Ihre pers\u00f6nliche Route bequem planen \u2013 egal ob zu Fu\u00df, mit dem Auto oder mit \u00f6ffentlichen Verkehrsmitteln.<\/p>\n<hr data-start=\"1347\" data-end=\"1350\" \/>\n<h2 data-start=\"1352\" data-end=\"1376\"><strong data-start=\"1355\" data-end=\"1376\">Parkm\u00f6glichkeiten<\/strong><\/h2>\n<p data-start=\"1378\" data-end=\"1508\">In der n\u00e4heren Umgebung stehen Ihnen Parkm\u00f6glichkeiten zur Verf\u00fcgung, sodass auch die Anfahrt mit dem Auto problemlos m\u00f6glich ist.<\/p>\n<hr data-start=\"1510\" data-end=\"1513\" \/>\n<h2 data-start=\"1515\" data-end=\"1561\"><strong data-start=\"1518\" data-end=\"1561\">Pers\u00f6nlicher Besuch oder Service nutzen<\/strong><\/h2>\n<p data-start=\"1563\" data-end=\"1771\">Wenn Sie uns nicht pers\u00f6nlich besuchen k\u00f6nnen, stehen Ihnen selbstverst\u00e4ndlich auch unsere Serviceangebote zur Verf\u00fcgung. Gerne beraten wir Sie telefonisch oder unterst\u00fctzen Sie mit unseren Serviceleistungen.<\/p>\n<p data-start=\"1773\" data-end=\"1809\">\ud83d\udc49 <strong data-start=\"1776\" data-end=\"1807\">Mehr dazu finden Sie unter:<\/strong><\/p>\n<ul data-start=\"1810\" data-end=\"1859\">\n<li data-start=\"1810\" data-end=\"1823\">\n<p data-start=\"1812\" data-end=\"1823\"><em data-start=\"1812\" data-end=\"1821\">Service<\/em><\/p>\n<\/li>\n<li data-start=\"1824\" data-end=\"1843\">\n<p data-start=\"1826\" data-end=\"1843\"><em data-start=\"1826\" data-end=\"1841\">Vorbestellung<\/em><\/p>\n<\/li>\n<li data-start=\"1844\" data-end=\"1859\">\n<p data-start=\"1846\" data-end=\"1859\"><em data-start=\"1846\" data-end=\"1859\">Botendienst<\/em><\/p>\n<\/li>\n<\/ul>\n<hr data-start=\"1861\" data-end=\"1864\" \/>\n<h2 data-start=\"1866\" data-end=\"1900\"><strong data-start=\"1869\" data-end=\"1900\">Nach dem Besuch gut betreut<\/strong><\/h2>\n<p data-start=\"1902\" data-end=\"2072\">Auch nach Ihrem Besuch sind wir weiterhin f\u00fcr Sie da. Bei R\u00fcckfragen zu Ihrer Medikation, zur Anwendung oder zu Folgeverordnungen k\u00f6nnen Sie sich jederzeit an uns wenden.<\/p>\n<p data-start=\"2074\" data-end=\"2101\"><strong data-start=\"2077\" data-end=\"2099\">Erg\u00e4nzende Seiten:<\/strong><\/p>\n<ul data-start=\"2102\" data-end=\"2186\">\n<li data-start=\"2102\" data-end=\"2130\">\n<p data-start=\"2104\" data-end=\"2130\"><a href=\"https:\/\/apotheke-am-rheumazentrum.de\/index.php\/arzneimittelversorgung\/\"><em data-start=\"2104\" data-end=\"2128\">Arzneimittelversorgung<\/em><\/a><\/p>\n<\/li>\n<li data-start=\"2131\" data-end=\"2156\">\n<p data-start=\"2133\" data-end=\"2156\"><a href=\"https:\/\/apotheke-am-rheumazentrum.de\/index.php\/medikationsberatung\/\"><em data-start=\"2133\" data-end=\"2154\">Medikationsberatung<\/em><\/a><\/p>\n<\/li>\n<li data-start=\"2157\" data-end=\"2186\">\n<p data-start=\"2159\" data-end=\"2186\"><a href=\"https:\/\/apotheke-am-rheumazentrum.de\/index.php\/rheuma-schmerztherapie\/\"><em data-start=\"2159\" data-end=\"2186\">Rheuma- &amp; Schmerztherapie<\/em><\/a><\/p>\n<\/li>\n<\/ul>\n<hr data-start=\"2188\" data-end=\"2191\" \/>\n<h3 data-start=\"2193\" data-end=\"2244\">Unser Anspruch: erreichbar, nah und verl\u00e4sslich<\/h3>\n<p data-start=\"2246\" data-end=\"2480\">Wir m\u00f6chten, dass Sie sich bei uns gut aufgehoben f\u00fchlen \u2013 vom ersten Kontakt bis zur langfristigen Begleitung Ihrer Gesundheit. Pers\u00f6nliche Erreichbarkeit, Freundlichkeit und fachliche Kompetenz stehen dabei f\u00fcr uns an erster Stelle.<\/p>\n","protected":false},"excerpt":{"rendered":"<p>Kontakt &amp; Anfahrt Wir sind pers\u00f6nlich f\u00fcr Sie da \u2013 vor Ort und telefonisch Sie haben Fragen zu Ihrer Medikation, m\u00f6chten eine Beratung in Anspruch nehmen oder uns pers\u00f6nlich besuchen? In der Apotheke am RheumaZentrum Athanassios Kiroudis e.K. sind wir gerne f\u00fcr Sie da. Ob telefonisch, vor Ort oder im Rahmen unserer Serviceangebote \u2013 wir [&hellip;]<\/p>\n","protected":false},"author":1,"featured_media":0,"parent":0,"menu_order":0,"comment_status":"closed","ping_status":"closed","template":"page-templates\/page-full-width.php","meta":{"footnotes":""},"class_list":["post-118","page","type-page","status-publish","hentry"],"_links":{"self":[{"href":"https:\/\/apotheke-am-rheumazentrum.de\/index.php\/wp-json\/wp\/v2\/pages\/118","targetHints":{"allow":["GET"]}}],"collection":[{"href":"https:\/\/apotheke-am-rheumazentrum.de\/index.php\/wp-json\/wp\/v2\/pages"}],"about":[{"href":"https:\/\/apotheke-am-rheumazentrum.de\/index.php\/wp-json\/wp\/v2\/types\/page"}],"author":[{"embeddable":true,"href":"https:\/\/apotheke-am-rheumazentrum.de\/index.php\/wp-json\/wp\/v2\/users\/1"}],"replies":[{"embeddable":true,"href":"https:\/\/apotheke-am-rheumazentrum.de\/index.php\/wp-json\/wp\/v2\/comments?post=118"}],"version-history":[{"count":3,"href":"https:\/\/apotheke-am-rheumazentrum.de\/index.php\/wp-json\/wp\/v2\/pages\/118\/revisions"}],"predecessor-version":[{"id":165,"href":"https:\/\/apotheke-am-rheumazentrum.de\/index.php\/wp-json\/wp\/v2\/pages\/118\/revisions\/165"}],"wp:attachment":[{"href":"https:\/\/apotheke-am-rheumazentrum.de\/index.php\/wp-json\/wp\/v2\/media?parent=118"}],"curies":[{"name":"wp","href":"https:\/\/api.w.org\/{rel}","templated":true}]}}