{"id":112,"date":"2026-02-10T17:13:55","date_gmt":"2026-02-10T17:13:55","guid":{"rendered":"https:\/\/apotheke-am-rheumazentrum.de\/?page_id=112"},"modified":"2026-02-10T18:49:59","modified_gmt":"2026-02-10T18:49:59","slug":"botendienst","status":"publish","type":"page","link":"https:\/\/apotheke-am-rheumazentrum.de\/index.php\/botendienst\/","title":{"rendered":"Botendienst"},"content":{"rendered":"<h2 data-start=\"210\" data-end=\"228\"><strong data-start=\"213\" data-end=\"228\">Botendienst<\/strong><\/h2>\n<h3 data-start=\"230\" data-end=\"294\">Ihre Medikamente zuverl\u00e4ssig und bequem nach Hause geliefert<\/h3>\n<p data-start=\"296\" data-end=\"705\">Nicht immer ist es m\u00f6glich, Medikamente pers\u00f6nlich in der Apotheke abzuholen \u2013 sei es aus gesundheitlichen Gr\u00fcnden, bei eingeschr\u00e4nkter Mobilit\u00e4t oder im Rahmen einer laufenden Therapie. Mit unserem Botendienst bieten wir Ihnen eine komfortable und zuverl\u00e4ssige L\u00f6sung. In der <strong data-start=\"573\" data-end=\"628\">Apotheke am RheumaZentrum Athanassios Kiroudis e.K.<\/strong> sorgen wir daf\u00fcr, dass Sie auch in solchen Situationen sicher versorgt sind.<\/p>\n<p data-start=\"707\" data-end=\"783\">Unser Botendienst steht f\u00fcr N\u00e4he, Verl\u00e4sslichkeit und pers\u00f6nliche Betreuung.<\/p>\n<hr data-start=\"785\" data-end=\"788\" \/>\n<h3 data-start=\"790\" data-end=\"840\">Wann unser Botendienst besonders hilfreich ist<\/h3>\n<p data-start=\"842\" data-end=\"982\">Der Botendienst richtet sich an alle, die ihre Medikamente nicht selbst abholen k\u00f6nnen oder m\u00f6chten. Besonders hilfreich ist dieser Service:<\/p>\n<ul data-start=\"983\" data-end=\"1144\">\n<li data-start=\"983\" data-end=\"1010\">\n<p data-start=\"985\" data-end=\"1010\">bei akuten Erkrankungen<\/p>\n<\/li>\n<li data-start=\"1011\" data-end=\"1044\">\n<p data-start=\"1013\" data-end=\"1044\">bei eingeschr\u00e4nkter Mobilit\u00e4t<\/p>\n<\/li>\n<li data-start=\"1045\" data-end=\"1097\">\n<p data-start=\"1047\" data-end=\"1097\">bei chronischen Erkrankungen und Dauermedikation<\/p>\n<\/li>\n<li data-start=\"1098\" data-end=\"1144\">\n<p data-start=\"1100\" data-end=\"1144\">nach Arztbesuchen oder Therapieanpassungen<\/p>\n<\/li>\n<\/ul>\n<p data-start=\"1146\" data-end=\"1285\">So stellen wir sicher, dass Ihre Arzneimittelversorgung auch dann reibungslos funktioniert, wenn der Weg in die Apotheke nicht m\u00f6glich ist.<\/p>\n<hr data-start=\"1287\" data-end=\"1290\" \/>\n<h3 data-start=\"1292\" data-end=\"1327\">Zuverl\u00e4ssig, diskret und sicher<\/h3>\n<p data-start=\"1329\" data-end=\"1490\">Beim Transport Ihrer Medikamente legen wir gr\u00f6\u00dften Wert auf Sicherheit und Diskretion. Ihre Arzneimittel werden sorgf\u00e4ltig verpackt und zuverl\u00e4ssig ausgeliefert.<\/p>\n<p data-start=\"1492\" data-end=\"1527\">Unser Botendienst bedeutet f\u00fcr Sie:<\/p>\n<ul data-start=\"1528\" data-end=\"1673\">\n<li data-start=\"1528\" data-end=\"1566\">\n<p data-start=\"1530\" data-end=\"1566\">sichere \u00dcbergabe Ihrer Medikamente<\/p>\n<\/li>\n<li data-start=\"1567\" data-end=\"1589\">\n<p data-start=\"1569\" data-end=\"1589\">diskrete Lieferung<\/p>\n<\/li>\n<li data-start=\"1590\" data-end=\"1619\">\n<p data-start=\"1592\" data-end=\"1619\">zuverl\u00e4ssige Organisation<\/p>\n<\/li>\n<li data-start=\"1620\" data-end=\"1673\">\n<p data-start=\"1622\" data-end=\"1673\">pers\u00f6nliche Betreuung durch Ihre Apotheke vor Ort<\/p>\n<\/li>\n<\/ul>\n<hr data-start=\"1675\" data-end=\"1678\" \/>\n<h3 data-start=\"1680\" data-end=\"1728\">Botendienst in Kombination mit Vorbestellung<\/h3>\n<p data-start=\"1730\" data-end=\"1934\">Besonders komfortabel ist die Kombination aus Vorbestellung und Botendienst. Sie bestellen Ihre Medikamente vor und wir liefern sie Ihnen direkt nach Hause. So sparen Sie Zeit und vermeiden unn\u00f6tige Wege.<\/p>\n<p data-start=\"1936\" data-end=\"1982\"><strong data-start=\"1939\" data-end=\"1980\">Mehr dazu erfahren Sie auf der Seite:<\/strong><\/p>\n<ul data-start=\"1983\" data-end=\"2000\">\n<li data-start=\"1983\" data-end=\"2000\">\n<p data-start=\"1985\" data-end=\"2000\"><a href=\"https:\/\/apotheke-am-rheumazentrum.de\/index.php\/vorbestellung\/\"><em data-start=\"1985\" data-end=\"2000\">Vorbestellung<\/em><\/a><\/p>\n<\/li>\n<\/ul>\n<hr data-start=\"2002\" data-end=\"2005\" \/>\n<h3 data-start=\"2007\" data-end=\"2047\">Pers\u00f6nliche Beratung bleibt erhalten<\/h3>\n<p data-start=\"2049\" data-end=\"2287\">Auch wenn die Medikamente geliefert werden, verzichten Sie nicht auf pers\u00f6nliche Beratung. Bei R\u00fcckfragen zur Anwendung, Dosierung oder Vertr\u00e4glichkeit stehen wir Ihnen selbstverst\u00e4ndlich zur Verf\u00fcgung \u2013 telefonisch oder bei der \u00dcbergabe.<\/p>\n<p data-start=\"2289\" data-end=\"2322\"><strong data-start=\"2292\" data-end=\"2320\">Erg\u00e4nzend empfehlen wir:<\/strong><\/p>\n<ul data-start=\"2323\" data-end=\"2375\">\n<li data-start=\"2323\" data-end=\"2348\">\n<p data-start=\"2325\" data-end=\"2348\"><a href=\"https:\/\/apotheke-am-rheumazentrum.de\/index.php\/medikationsberatung\/\"><em data-start=\"2325\" data-end=\"2346\">Medikationsberatung<\/em><\/a><\/p>\n<\/li>\n<li data-start=\"2349\" data-end=\"2375\">\n<p data-start=\"2351\" data-end=\"2375\"><a href=\"https:\/\/apotheke-am-rheumazentrum.de\/index.php\/arzneimittelversorgung\/\"><em data-start=\"2351\" data-end=\"2375\">Arzneimittelversorgung<\/em><\/a><\/p>\n<\/li>\n<\/ul>\n<hr data-start=\"2377\" data-end=\"2380\" \/>\n<h3 data-start=\"2382\" data-end=\"2427\">Unterst\u00fctzung bei langfristigen Therapien<\/h3>\n<p data-start=\"2429\" data-end=\"2642\">Gerade bei langfristigen oder komplexen Therapien ist eine kontinuierliche Versorgung entscheidend. Unser Botendienst unterst\u00fctzt Sie dabei, Ihre Therapie zuverl\u00e4ssig fortzuf\u00fchren und Unterbrechungen zu vermeiden.<\/p>\n<p data-start=\"2644\" data-end=\"2677\"><strong data-start=\"2647\" data-end=\"2675\">Weitere passende Seiten:<\/strong><\/p>\n<ul data-start=\"2678\" data-end=\"2732\">\n<li data-start=\"2678\" data-end=\"2709\">\n<p data-start=\"2680\" data-end=\"2709\"><a href=\"https:\/\/apotheke-am-rheumazentrum.de\/index.php\/rheuma-schmerztherapie\/\"><em data-start=\"2680\" data-end=\"2707\">Rheuma- &amp; Schmerztherapie<\/em><\/a><\/p>\n<\/li>\n<li data-start=\"2710\" data-end=\"2732\">\n<p data-start=\"2712\" data-end=\"2732\"><a href=\"https:\/\/apotheke-am-rheumazentrum.de\/index.php\/schwerpunkt-rheuma\/\"><em data-start=\"2712\" data-end=\"2732\">Schwerpunkt Rheuma<\/em><\/a><\/p>\n<\/li>\n<\/ul>\n<hr data-start=\"2734\" data-end=\"2737\" \/>\n<h3 data-start=\"2739\" data-end=\"2787\">Unser Anspruch: Versorgung mit Verantwortung<\/h3>\n<p data-start=\"2789\" data-end=\"3084\">Der Botendienst ist Teil unseres Serviceverst\u00e4ndnisses: Wir m\u00f6chten Ihnen Sicherheit, Komfort und Verl\u00e4sslichkeit bieten \u2013 auch au\u00dferhalb der Apothekenr\u00e4ume. Mit Verantwortung, Sorgfalt und pers\u00f6nlichem Engagement sorgen wir daf\u00fcr, dass Ihre Medikamente genau dort ankommen, wo Sie sie brauchen.<\/p>\n","protected":false},"excerpt":{"rendered":"<p>Botendienst Ihre Medikamente zuverl\u00e4ssig und bequem nach Hause geliefert Nicht immer ist es m\u00f6glich, Medikamente pers\u00f6nlich in der Apotheke abzuholen \u2013 sei es aus gesundheitlichen Gr\u00fcnden, bei eingeschr\u00e4nkter Mobilit\u00e4t oder im Rahmen einer laufenden Therapie. Mit unserem Botendienst bieten wir Ihnen eine komfortable und zuverl\u00e4ssige L\u00f6sung. In der Apotheke am RheumaZentrum Athanassios Kiroudis e.K. sorgen [&hellip;]<\/p>\n","protected":false},"author":1,"featured_media":0,"parent":0,"menu_order":0,"comment_status":"closed","ping_status":"closed","template":"page-templates\/page-full-width.php","meta":{"footnotes":""},"class_list":["post-112","page","type-page","status-publish","hentry"],"_links":{"self":[{"href":"https:\/\/apotheke-am-rheumazentrum.de\/index.php\/wp-json\/wp\/v2\/pages\/112","targetHints":{"allow":["GET"]}}],"collection":[{"href":"https:\/\/apotheke-am-rheumazentrum.de\/index.php\/wp-json\/wp\/v2\/pages"}],"about":[{"href":"https:\/\/apotheke-am-rheumazentrum.de\/index.php\/wp-json\/wp\/v2\/types\/page"}],"author":[{"embeddable":true,"href":"https:\/\/apotheke-am-rheumazentrum.de\/index.php\/wp-json\/wp\/v2\/users\/1"}],"replies":[{"embeddable":true,"href":"https:\/\/apotheke-am-rheumazentrum.de\/index.php\/wp-json\/wp\/v2\/comments?post=112"}],"version-history":[{"count":2,"href":"https:\/\/apotheke-am-rheumazentrum.de\/index.php\/wp-json\/wp\/v2\/pages\/112\/revisions"}],"predecessor-version":[{"id":162,"href":"https:\/\/apotheke-am-rheumazentrum.de\/index.php\/wp-json\/wp\/v2\/pages\/112\/revisions\/162"}],"wp:attachment":[{"href":"https:\/\/apotheke-am-rheumazentrum.de\/index.php\/wp-json\/wp\/v2\/media?parent=112"}],"curies":[{"name":"wp","href":"https:\/\/api.w.org\/{rel}","templated":true}]}}