{"id":109,"date":"2026-02-10T17:13:46","date_gmt":"2026-02-10T17:13:46","guid":{"rendered":"https:\/\/apotheke-am-rheumazentrum.de\/?page_id=109"},"modified":"2026-02-10T18:47:51","modified_gmt":"2026-02-10T18:47:51","slug":"vorbestellung","status":"publish","type":"page","link":"https:\/\/apotheke-am-rheumazentrum.de\/index.php\/vorbestellung\/","title":{"rendered":"Vorbestellung"},"content":{"rendered":"<h2 data-start=\"188\" data-end=\"208\"><strong data-start=\"191\" data-end=\"208\">Vorbestellung<\/strong><\/h2>\n<h3 data-start=\"210\" data-end=\"284\">Medikamente bequem vorbestellen \u2013 Zeit sparen und sicher versorgt sein<\/h3>\n<p data-start=\"286\" data-end=\"577\">Mit unserer Vorbestellung bieten wir Ihnen eine einfache und komfortable M\u00f6glichkeit, Ihre Medikamente im Voraus zu reservieren. In der <strong data-start=\"422\" data-end=\"477\">Apotheke am RheumaZentrum Athanassios Kiroudis e.K.<\/strong> sorgen wir daf\u00fcr, dass Ihre Arzneimittel zuverl\u00e4ssig f\u00fcr Sie bereitliegen \u2013 ohne lange Wartezeiten.<\/p>\n<p data-start=\"579\" data-end=\"695\">Gerade bei regelm\u00e4\u00dfiger oder langfristiger Medikation ist die Vorbestellung eine praktische Unterst\u00fctzung im Alltag.<\/p>\n<hr data-start=\"697\" data-end=\"700\" \/>\n<h3 data-start=\"702\" data-end=\"743\">Warum eine Vorbestellung sinnvoll ist<\/h3>\n<p data-start=\"745\" data-end=\"976\">Nicht jedes Medikament ist jederzeit sofort verf\u00fcgbar. Durch eine Vorbestellung stellen Sie sicher, dass Ihre ben\u00f6tigten Arzneimittel rechtzeitig f\u00fcr Sie bereitstehen. Gleichzeitig helfen Sie uns, Ihre Versorgung optimal zu planen.<\/p>\n<p data-start=\"978\" data-end=\"1009\">Die Vorbestellung bietet Ihnen:<\/p>\n<ul data-start=\"1010\" data-end=\"1164\">\n<li data-start=\"1010\" data-end=\"1049\">\n<p data-start=\"1012\" data-end=\"1049\">k\u00fcrzere Wartezeiten in der Apotheke<\/p>\n<\/li>\n<li data-start=\"1050\" data-end=\"1093\">\n<p data-start=\"1052\" data-end=\"1093\">sichere Verf\u00fcgbarkeit Ihrer Medikamente<\/p>\n<\/li>\n<li data-start=\"1094\" data-end=\"1139\">\n<p data-start=\"1096\" data-end=\"1139\">bessere Planbarkeit bei Dauermedikationen<\/p>\n<\/li>\n<li data-start=\"1140\" data-end=\"1164\">\n<p data-start=\"1142\" data-end=\"1164\">Entlastung im Alltag<\/p>\n<\/li>\n<\/ul>\n<hr data-start=\"1166\" data-end=\"1169\" \/>\n<h3 data-start=\"1171\" data-end=\"1208\">So funktioniert die Vorbestellung<\/h3>\n<p data-start=\"1210\" data-end=\"1342\">Die Vorbestellung ist unkompliziert und schnell erledigt. Sie k\u00f6nnen Ihre Medikamente bequem im Voraus anfordern und sp\u00e4ter abholen.<\/p>\n<p data-start=\"1344\" data-end=\"1396\">Nach Eingang Ihrer Vorbestellung k\u00fcmmern wir uns um:<\/p>\n<ul data-start=\"1397\" data-end=\"1524\">\n<li data-start=\"1397\" data-end=\"1429\">\n<p data-start=\"1399\" data-end=\"1429\">die Pr\u00fcfung Ihrer Verordnung<\/p>\n<\/li>\n<li data-start=\"1430\" data-end=\"1468\">\n<p data-start=\"1432\" data-end=\"1468\">die Bereitstellung der Medikamente<\/p>\n<\/li>\n<li data-start=\"1469\" data-end=\"1524\">\n<p data-start=\"1471\" data-end=\"1524\">die schnelle Beschaffung nicht vorr\u00e4tiger Pr\u00e4parate<\/p>\n<\/li>\n<\/ul>\n<p data-start=\"1526\" data-end=\"1625\">Sobald alles f\u00fcr Sie bereitliegt, k\u00f6nnen Sie Ihre Medikamente ohne lange Wartezeit bei uns abholen.<\/p>\n<hr data-start=\"1627\" data-end=\"1630\" \/>\n<h3 data-start=\"1632\" data-end=\"1675\">Besonders hilfreich bei Dauermedikation<\/h3>\n<p data-start=\"1677\" data-end=\"1920\">F\u00fcr Patientinnen und Patienten mit chronischen Erkrankungen oder regelm\u00e4\u00dfiger Medikamenteneinnahme ist die Vorbestellung besonders empfehlenswert. Sie hilft dabei, Therapiel\u00fccken zu vermeiden und die kontinuierliche Versorgung sicherzustellen.<\/p>\n<p data-start=\"1922\" data-end=\"1955\"><strong data-start=\"1925\" data-end=\"1953\">Erg\u00e4nzend empfehlen wir:<\/strong><\/p>\n<ul data-start=\"1956\" data-end=\"2008\">\n<li data-start=\"1956\" data-end=\"1981\">\n<p data-start=\"1958\" data-end=\"1981\"><a href=\"https:\/\/apotheke-am-rheumazentrum.de\/index.php\/medikationsberatung\/\"><em data-start=\"1958\" data-end=\"1979\">Medikationsberatung<\/em><\/a><\/p>\n<\/li>\n<li data-start=\"1982\" data-end=\"2008\">\n<p data-start=\"1984\" data-end=\"2008\"><a href=\"https:\/\/apotheke-am-rheumazentrum.de\/index.php\/arzneimittelversorgung\/\"><em data-start=\"1984\" data-end=\"2008\">Arzneimittelversorgung<\/em><\/a><\/p>\n<\/li>\n<\/ul>\n<hr data-start=\"2010\" data-end=\"2013\" \/>\n<h3 data-start=\"2015\" data-end=\"2054\">Kombination mit unserem Botendienst<\/h3>\n<p data-start=\"2056\" data-end=\"2265\">Wenn Sie Ihre Medikamente nicht pers\u00f6nlich abholen k\u00f6nnen, l\u00e4sst sich die Vorbestellung ideal mit unserem Botendienst kombinieren. So erhalten Sie Ihre Arzneimittel zuverl\u00e4ssig und bequem nach Hause geliefert.<\/p>\n<p data-start=\"2267\" data-end=\"2312\"><strong data-start=\"2270\" data-end=\"2310\">Mehr Informationen finden Sie unter:<\/strong><\/p>\n<ul data-start=\"2313\" data-end=\"2328\">\n<li data-start=\"2313\" data-end=\"2328\">\n<p data-start=\"2315\" data-end=\"2328\"><a href=\"https:\/\/apotheke-am-rheumazentrum.de\/index.php\/botendienst\/\"><em data-start=\"2315\" data-end=\"2328\">Botendienst<\/em><\/a><\/p>\n<\/li>\n<\/ul>\n<hr data-start=\"2330\" data-end=\"2333\" \/>\n<h3 data-start=\"2335\" data-end=\"2369\">Pers\u00f6nlicher Service inklusive<\/h3>\n<p data-start=\"2371\" data-end=\"2541\">Auch bei der Vorbestellung stehen wir Ihnen pers\u00f6nlich zur Seite. Bei R\u00fcckfragen zu Verf\u00fcgbarkeit, Alternativen oder Ihrer Medikation beraten wir Sie gerne und kompetent.<\/p>\n<p data-start=\"2543\" data-end=\"2624\">Unser Ziel ist es, Ihnen eine sichere und reibungslose Versorgung zu erm\u00f6glichen.<\/p>\n<hr data-start=\"2626\" data-end=\"2629\" \/>\n<h3 data-start=\"2631\" data-end=\"2679\">Unser Anspruch: einfach, zuverl\u00e4ssig, sicher<\/h3>\n<p data-start=\"2681\" data-end=\"2852\">Die Vorbestellung ist Teil unseres Serviceverst\u00e4ndnisses: unkomplizierte Abl\u00e4ufe, verl\u00e4ssliche Organisation und pers\u00f6nliche Betreuung \u2013 damit Sie sich gut versorgt f\u00fchlen.<\/p>\n","protected":false},"excerpt":{"rendered":"<p>Vorbestellung Medikamente bequem vorbestellen \u2013 Zeit sparen und sicher versorgt sein Mit unserer Vorbestellung bieten wir Ihnen eine einfache und komfortable M\u00f6glichkeit, Ihre Medikamente im Voraus zu reservieren. In der Apotheke am RheumaZentrum Athanassios Kiroudis e.K. sorgen wir daf\u00fcr, dass Ihre Arzneimittel zuverl\u00e4ssig f\u00fcr Sie bereitliegen \u2013 ohne lange Wartezeiten. Gerade bei regelm\u00e4\u00dfiger oder langfristiger [&hellip;]<\/p>\n","protected":false},"author":1,"featured_media":0,"parent":0,"menu_order":0,"comment_status":"closed","ping_status":"closed","template":"page-templates\/page-full-width.php","meta":{"footnotes":""},"class_list":["post-109","page","type-page","status-publish","hentry"],"_links":{"self":[{"href":"https:\/\/apotheke-am-rheumazentrum.de\/index.php\/wp-json\/wp\/v2\/pages\/109","targetHints":{"allow":["GET"]}}],"collection":[{"href":"https:\/\/apotheke-am-rheumazentrum.de\/index.php\/wp-json\/wp\/v2\/pages"}],"about":[{"href":"https:\/\/apotheke-am-rheumazentrum.de\/index.php\/wp-json\/wp\/v2\/types\/page"}],"author":[{"embeddable":true,"href":"https:\/\/apotheke-am-rheumazentrum.de\/index.php\/wp-json\/wp\/v2\/users\/1"}],"replies":[{"embeddable":true,"href":"https:\/\/apotheke-am-rheumazentrum.de\/index.php\/wp-json\/wp\/v2\/comments?post=109"}],"version-history":[{"count":2,"href":"https:\/\/apotheke-am-rheumazentrum.de\/index.php\/wp-json\/wp\/v2\/pages\/109\/revisions"}],"predecessor-version":[{"id":161,"href":"https:\/\/apotheke-am-rheumazentrum.de\/index.php\/wp-json\/wp\/v2\/pages\/109\/revisions\/161"}],"wp:attachment":[{"href":"https:\/\/apotheke-am-rheumazentrum.de\/index.php\/wp-json\/wp\/v2\/media?parent=109"}],"curies":[{"name":"wp","href":"https:\/\/api.w.org\/{rel}","templated":true}]}}