{"id":106,"date":"2026-02-10T17:13:38","date_gmt":"2026-02-10T17:13:38","guid":{"rendered":"https:\/\/apotheke-am-rheumazentrum.de\/?page_id=106"},"modified":"2026-02-10T18:46:25","modified_gmt":"2026-02-10T18:46:25","slug":"service","status":"publish","type":"page","link":"https:\/\/apotheke-am-rheumazentrum.de\/index.php\/service\/","title":{"rendered":"Service"},"content":{"rendered":"<h2 data-start=\"195\" data-end=\"209\"><strong data-start=\"198\" data-end=\"209\">Service<\/strong><\/h2>\n<h3 data-start=\"211\" data-end=\"266\">Verl\u00e4sslicher Service, der Ihren Alltag erleichtert<\/h3>\n<p data-start=\"268\" data-end=\"536\">Gute pharmazeutische Versorgung endet nicht an der Apothekentheke. In der <strong data-start=\"342\" data-end=\"397\">Apotheke am RheumaZentrum Athanassios Kiroudis e.K.<\/strong> bieten wir Ihnen umfassende Serviceleistungen, die Ihnen Zeit sparen, Sicherheit geben und Ihre Gesundheitsversorgung komfortabler machen.<\/p>\n<p data-start=\"538\" data-end=\"640\">Unser Anspruch ist es, Sie zuverl\u00e4ssig zu unterst\u00fctzen \u2013 pers\u00f6nlich, flexibel und nah an Ihrem Alltag.<\/p>\n<hr data-start=\"642\" data-end=\"645\" \/>\n<h3 data-start=\"647\" data-end=\"715\">Service bedeutet f\u00fcr uns: erreichbar, unterst\u00fctzend, zuverl\u00e4ssig<\/h3>\n<p data-start=\"717\" data-end=\"995\">Viele unserer Kundinnen und Kunden sind auf eine kontinuierliche und reibungslose Versorgung angewiesen, insbesondere bei chronischen Erkrankungen oder eingeschr\u00e4nkter Mobilit\u00e4t. Deshalb haben wir unsere Serviceangebote gezielt darauf ausgerichtet, Sie bestm\u00f6glich zu entlasten.<\/p>\n<p data-start=\"997\" data-end=\"1029\">Dabei legen wir gro\u00dfen Wert auf:<\/p>\n<ul data-start=\"1030\" data-end=\"1127\">\n<li data-start=\"1030\" data-end=\"1050\">\n<p data-start=\"1032\" data-end=\"1050\">einfache Abl\u00e4ufe<\/p>\n<\/li>\n<li data-start=\"1051\" data-end=\"1065\">\n<p data-start=\"1053\" data-end=\"1065\">kurze Wege<\/p>\n<\/li>\n<li data-start=\"1066\" data-end=\"1097\">\n<p data-start=\"1068\" data-end=\"1097\">pers\u00f6nliche Ansprechpartner<\/p>\n<\/li>\n<li data-start=\"1098\" data-end=\"1127\">\n<p data-start=\"1100\" data-end=\"1127\">verl\u00e4ssliche Organisation<\/p>\n<\/li>\n<\/ul>\n<hr data-start=\"1129\" data-end=\"1132\" \/>\n<h2 data-start=\"1134\" data-end=\"1178\"><strong data-start=\"1137\" data-end=\"1178\">Unsere Serviceleistungen im \u00dcberblick<\/strong><\/h2>\n<h3 data-start=\"1180\" data-end=\"1201\"><strong data-start=\"1184\" data-end=\"1201\">Vorbestellung<\/strong><\/h3>\n<p data-start=\"1203\" data-end=\"1365\">Mit unserer Vorbestellung sparen Sie Zeit und Wartewege. Bestellen Sie Ihre Medikamente bequem im Voraus und holen Sie diese zum gew\u00fcnschten Zeitpunkt bei uns ab.<\/p>\n<p data-start=\"1367\" data-end=\"1394\">Vorteile der Vorbestellung:<\/p>\n<ul data-start=\"1395\" data-end=\"1503\">\n<li data-start=\"1395\" data-end=\"1418\">\n<p data-start=\"1397\" data-end=\"1418\">k\u00fcrzere Wartezeiten<\/p>\n<\/li>\n<li data-start=\"1419\" data-end=\"1462\">\n<p data-start=\"1421\" data-end=\"1462\">sichere Verf\u00fcgbarkeit Ihrer Medikamente<\/p>\n<\/li>\n<li data-start=\"1463\" data-end=\"1503\">\n<p data-start=\"1465\" data-end=\"1503\">bessere Planbarkeit f\u00fcr Ihren Alltag<\/p>\n<\/li>\n<\/ul>\n<p data-start=\"1505\" data-end=\"1542\"><strong data-start=\"1508\" data-end=\"1526\">Mehr erfahren:<\/strong> <a href=\"https:\/\/apotheke-am-rheumazentrum.de\/index.php\/vorbestellung\/\"><em data-start=\"1527\" data-end=\"1542\">Vorbestellung<\/em><\/a><\/p>\n<hr data-start=\"1544\" data-end=\"1547\" \/>\n<h3 data-start=\"1549\" data-end=\"1568\"><strong data-start=\"1553\" data-end=\"1568\">Botendienst<\/strong><\/h3>\n<p data-start=\"1570\" data-end=\"1782\">Unser Botendienst bringt Ihnen Ihre Medikamente zuverl\u00e4ssig nach Hause. Dieser Service ist besonders hilfreich f\u00fcr Menschen mit eingeschr\u00e4nkter Mobilit\u00e4t, bei akuten Erkrankungen oder bei langfristigen Therapien.<\/p>\n<p data-start=\"1784\" data-end=\"1812\">Unser Botendienst steht f\u00fcr:<\/p>\n<ul data-start=\"1813\" data-end=\"1900\">\n<li data-start=\"1813\" data-end=\"1847\">\n<p data-start=\"1815\" data-end=\"1847\">diskrete und sichere Lieferung<\/p>\n<\/li>\n<li data-start=\"1848\" data-end=\"1875\">\n<p data-start=\"1850\" data-end=\"1875\">zuverl\u00e4ssige Versorgung<\/p>\n<\/li>\n<li data-start=\"1876\" data-end=\"1900\">\n<p data-start=\"1878\" data-end=\"1900\">Entlastung im Alltag<\/p>\n<\/li>\n<\/ul>\n<p data-start=\"1902\" data-end=\"1937\"><strong data-start=\"1905\" data-end=\"1923\">Mehr erfahren:<\/strong> <a href=\"https:\/\/apotheke-am-rheumazentrum.de\/index.php\/botendienst\/\"><em data-start=\"1924\" data-end=\"1937\">Botendienst<\/em><\/a><\/p>\n<hr data-start=\"1939\" data-end=\"1942\" \/>\n<h3 data-start=\"1944\" data-end=\"1973\"><strong data-start=\"1948\" data-end=\"1973\">Notdienst-Information<\/strong><\/h3>\n<p data-start=\"1975\" data-end=\"2149\">Auch au\u00dferhalb der regul\u00e4ren \u00d6ffnungszeiten ist eine Versorgung mit wichtigen Medikamenten notwendig. Wir informieren Sie zuverl\u00e4ssig \u00fcber Apotheken-Notdienste in Ihrer N\u00e4he.<\/p>\n<p data-start=\"2151\" data-end=\"2196\"><strong data-start=\"2154\" data-end=\"2172\">Mehr erfahren:<\/strong> <a href=\"https:\/\/apotheke-am-rheumazentrum.de\/index.php\/notdienst-information\/\"><em data-start=\"2173\" data-end=\"2196\">Notdienst-Information<\/em><\/a><\/p>\n<hr data-start=\"2198\" data-end=\"2201\" \/>\n<h3 data-start=\"2203\" data-end=\"2250\">Service als Erg\u00e4nzung zu unseren Leistungen<\/h3>\n<p data-start=\"2252\" data-end=\"2468\">Unsere Serviceangebote sind eng mit unseren pharmazeutischen Leistungen verkn\u00fcpft. Sie unterst\u00fctzen eine sichere Arzneimittelversorgung und sorgen daf\u00fcr, dass Ihre Therapie ohne Unterbrechung fortgef\u00fchrt werden kann.<\/p>\n<p data-start=\"2470\" data-end=\"2497\"><strong data-start=\"2473\" data-end=\"2495\">Erg\u00e4nzende Seiten:<\/strong><\/p>\n<ul data-start=\"2498\" data-end=\"2582\">\n<li data-start=\"2498\" data-end=\"2526\">\n<p data-start=\"2500\" data-end=\"2526\"><a href=\"https:\/\/apotheke-am-rheumazentrum.de\/index.php\/arzneimittelversorgung\/\"><em data-start=\"2500\" data-end=\"2524\">Arzneimittelversorgung<\/em><\/a><\/p>\n<\/li>\n<li data-start=\"2527\" data-end=\"2552\">\n<p data-start=\"2529\" data-end=\"2552\"><a href=\"https:\/\/apotheke-am-rheumazentrum.de\/index.php\/medikationsberatung\/\"><em data-start=\"2529\" data-end=\"2550\">Medikationsberatung<\/em><\/a><\/p>\n<\/li>\n<li data-start=\"2553\" data-end=\"2582\">\n<p data-start=\"2555\" data-end=\"2582\"><a href=\"https:\/\/apotheke-am-rheumazentrum.de\/index.php\/rheuma-schmerztherapie\/\"><em data-start=\"2555\" data-end=\"2582\">Rheuma- &amp; Schmerztherapie<\/em><\/a><\/p>\n<\/li>\n<\/ul>\n<hr data-start=\"2584\" data-end=\"2587\" \/>\n<h3 data-start=\"2589\" data-end=\"2636\">Pers\u00f6nlicher Kontakt statt anonymer Abl\u00e4ufe<\/h3>\n<p data-start=\"2638\" data-end=\"2853\">Trotz moderner Prozesse bleibt der pers\u00f6nliche Kontakt f\u00fcr uns zentral. Bei Fragen zu Bestellungen, Lieferungen oder Verf\u00fcgbarkeit sind wir jederzeit gerne f\u00fcr Sie da \u2013 freundlich, l\u00f6sungsorientiert und zuverl\u00e4ssig.<\/p>\n<hr data-start=\"2855\" data-end=\"2858\" \/>\n<h3 data-start=\"2860\" data-end=\"2905\">Unser Anspruch: Service mit Verantwortung<\/h3>\n<p data-start=\"2907\" data-end=\"3104\">Unser Service ist darauf ausgelegt, Ihnen Sicherheit und Komfort zu bieten. Wir handeln verantwortungsvoll, transparent und im Sinne Ihrer Gesundheit \u2013 damit Sie sich jederzeit gut versorgt f\u00fchlen.<\/p>\n","protected":false},"excerpt":{"rendered":"<p>Service Verl\u00e4sslicher Service, der Ihren Alltag erleichtert Gute pharmazeutische Versorgung endet nicht an der Apothekentheke. In der Apotheke am RheumaZentrum Athanassios Kiroudis e.K. bieten wir Ihnen umfassende Serviceleistungen, die Ihnen Zeit sparen, Sicherheit geben und Ihre Gesundheitsversorgung komfortabler machen. Unser Anspruch ist es, Sie zuverl\u00e4ssig zu unterst\u00fctzen \u2013 pers\u00f6nlich, flexibel und nah an Ihrem Alltag. [&hellip;]<\/p>\n","protected":false},"author":1,"featured_media":0,"parent":0,"menu_order":0,"comment_status":"closed","ping_status":"closed","template":"page-templates\/page-full-width.php","meta":{"footnotes":""},"class_list":["post-106","page","type-page","status-publish","hentry"],"_links":{"self":[{"href":"https:\/\/apotheke-am-rheumazentrum.de\/index.php\/wp-json\/wp\/v2\/pages\/106","targetHints":{"allow":["GET"]}}],"collection":[{"href":"https:\/\/apotheke-am-rheumazentrum.de\/index.php\/wp-json\/wp\/v2\/pages"}],"about":[{"href":"https:\/\/apotheke-am-rheumazentrum.de\/index.php\/wp-json\/wp\/v2\/types\/page"}],"author":[{"embeddable":true,"href":"https:\/\/apotheke-am-rheumazentrum.de\/index.php\/wp-json\/wp\/v2\/users\/1"}],"replies":[{"embeddable":true,"href":"https:\/\/apotheke-am-rheumazentrum.de\/index.php\/wp-json\/wp\/v2\/comments?post=106"}],"version-history":[{"count":4,"href":"https:\/\/apotheke-am-rheumazentrum.de\/index.php\/wp-json\/wp\/v2\/pages\/106\/revisions"}],"predecessor-version":[{"id":160,"href":"https:\/\/apotheke-am-rheumazentrum.de\/index.php\/wp-json\/wp\/v2\/pages\/106\/revisions\/160"}],"wp:attachment":[{"href":"https:\/\/apotheke-am-rheumazentrum.de\/index.php\/wp-json\/wp\/v2\/media?parent=106"}],"curies":[{"name":"wp","href":"https:\/\/api.w.org\/{rel}","templated":true}]}}