{"id":100,"date":"2026-02-10T17:13:19","date_gmt":"2026-02-10T17:13:19","guid":{"rendered":"https:\/\/apotheke-am-rheumazentrum.de\/?page_id=100"},"modified":"2026-02-10T18:41:23","modified_gmt":"2026-02-10T18:41:23","slug":"ernaehrung-mikronaehrstoffe","status":"publish","type":"page","link":"https:\/\/apotheke-am-rheumazentrum.de\/index.php\/ernaehrung-mikronaehrstoffe\/","title":{"rendered":"Ern\u00e4hrung &#038; Mikron\u00e4hrstoffe"},"content":{"rendered":"<h2 data-start=\"260\" data-end=\"294\"><strong data-start=\"263\" data-end=\"294\">Ern\u00e4hrung &amp; Mikron\u00e4hrstoffe<\/strong><\/h2>\n<h3 data-start=\"296\" data-end=\"349\">Eine starke Basis f\u00fcr Gesundheit und Wohlbefinden<\/h3>\n<p data-start=\"351\" data-end=\"725\">Eine ausgewogene Ern\u00e4hrung und eine ausreichende Versorgung mit Mikron\u00e4hrstoffen sind entscheidend f\u00fcr k\u00f6rperliches Wohlbefinden, Leistungsf\u00e4higkeit und langfristige Gesundheit. In der <strong data-start=\"536\" data-end=\"591\">Apotheke am RheumaZentrum Athanassios Kiroudis e.K.<\/strong> beraten wir Sie kompetent und individuell zu allen Fragen rund um Ern\u00e4hrung, Vitamine, Mineralstoffe und sinnvolle Nahrungserg\u00e4nzung.<\/p>\n<p data-start=\"727\" data-end=\"866\">Unser Ziel ist es, Sie dabei zu unterst\u00fctzen, Ihren K\u00f6rper gezielt und sicher zu versorgen \u2013 angepasst an Ihre pers\u00f6nliche Lebenssituation.<\/p>\n<hr data-start=\"868\" data-end=\"871\" \/>\n<h3 data-start=\"873\" data-end=\"928\">Warum Ern\u00e4hrung und Mikron\u00e4hrstoffe so wichtig sind<\/h3>\n<p data-start=\"930\" data-end=\"1063\">Vitamine, Mineralstoffe und Spurenelemente \u00fcbernehmen im K\u00f6rper zahlreiche lebenswichtige Funktionen. Sie unterst\u00fctzen unter anderem:<\/p>\n<ul data-start=\"1064\" data-end=\"1174\">\n<li data-start=\"1064\" data-end=\"1083\">\n<p data-start=\"1066\" data-end=\"1083\">das Immunsystem<\/p>\n<\/li>\n<li data-start=\"1084\" data-end=\"1111\">\n<p data-start=\"1086\" data-end=\"1111\">den Energiestoffwechsel<\/p>\n<\/li>\n<li data-start=\"1112\" data-end=\"1135\">\n<p data-start=\"1114\" data-end=\"1135\">Muskeln und Knochen<\/p>\n<\/li>\n<li data-start=\"1136\" data-end=\"1174\">\n<p data-start=\"1138\" data-end=\"1174\">Nerven und Konzentrationsf\u00e4higkeit<\/p>\n<\/li>\n<\/ul>\n<p data-start=\"1176\" data-end=\"1417\">Ein Mangel kann sich schleichend entwickeln und zu M\u00fcdigkeit, Leistungsabfall oder erh\u00f6hter Anf\u00e4lligkeit f\u00fcr Erkrankungen f\u00fchren. Umgekehrt kann eine gezielte Versorgung dazu beitragen, Gesundheit und Lebensqualit\u00e4t nachhaltig zu verbessern.<\/p>\n<hr data-start=\"1419\" data-end=\"1422\" \/>\n<h3 data-start=\"1424\" data-end=\"1478\">Individueller Bedarf statt pauschaler Empfehlungen<\/h3>\n<p data-start=\"1480\" data-end=\"1695\">Der Bedarf an Mikron\u00e4hrstoffen ist individuell sehr unterschiedlich. Faktoren wie Alter, Ern\u00e4hrung, Lebensstil, Stress, Schwangerschaft, sportliche Aktivit\u00e4t oder bestehende Erkrankungen spielen eine wichtige Rolle.<\/p>\n<p data-start=\"1697\" data-end=\"1711\">Besonders bei:<\/p>\n<ul data-start=\"1712\" data-end=\"1828\">\n<li data-start=\"1712\" data-end=\"1740\">\n<p data-start=\"1714\" data-end=\"1740\">chronischen Erkrankungen<\/p>\n<\/li>\n<li data-start=\"1741\" data-end=\"1779\">\n<p data-start=\"1743\" data-end=\"1779\">langfristiger Medikamenteneinnahme<\/p>\n<\/li>\n<li data-start=\"1780\" data-end=\"1828\">\n<p data-start=\"1782\" data-end=\"1828\">erh\u00f6htem k\u00f6rperlichen oder mentalen Anspruch<\/p>\n<\/li>\n<\/ul>\n<p data-start=\"1830\" data-end=\"1884\">kann der Bedarf an bestimmten N\u00e4hrstoffen erh\u00f6ht sein.<\/p>\n<p data-start=\"1886\" data-end=\"1986\">Wir beraten Sie individuell und helfen Ihnen dabei, sinnvolle und sichere Entscheidungen zu treffen.<\/p>\n<hr data-start=\"1988\" data-end=\"1991\" \/>\n<h3 data-start=\"1993\" data-end=\"2055\">Ern\u00e4hrung und Mikron\u00e4hrstoffe bei chronischen Erkrankungen<\/h3>\n<p data-start=\"2057\" data-end=\"2329\">Menschen mit chronischen Erkrankungen \u2013 insbesondere rheumatischen Erkrankungen \u2013 profitieren h\u00e4ufig von einer gezielten ern\u00e4hrungsbezogenen Unterst\u00fctzung. Bestimmte Medikamente k\u00f6nnen den Bedarf an Vitaminen oder Mineralstoffen beeinflussen oder deren Aufnahme ver\u00e4ndern.<\/p>\n<p data-start=\"2331\" data-end=\"2369\">Unsere Beratung unterst\u00fctzt Sie dabei:<\/p>\n<ul data-start=\"2370\" data-end=\"2483\">\n<li data-start=\"2370\" data-end=\"2418\">\n<p data-start=\"2372\" data-end=\"2418\">m\u00f6gliche Wechselwirkungen zu ber\u00fccksichtigen<\/p>\n<\/li>\n<li data-start=\"2419\" data-end=\"2444\">\n<p data-start=\"2421\" data-end=\"2444\">Defizite zu vermeiden<\/p>\n<\/li>\n<li data-start=\"2445\" data-end=\"2483\">\n<p data-start=\"2447\" data-end=\"2483\">Ihre Therapie sinnvoll zu erg\u00e4nzen<\/p>\n<\/li>\n<\/ul>\n<p data-start=\"2485\" data-end=\"2536\"><strong data-start=\"2488\" data-end=\"2534\">Erg\u00e4nzende Informationen finden Sie unter:<\/strong><\/p>\n<ul data-start=\"2537\" data-end=\"2585\">\n<li data-start=\"2537\" data-end=\"2561\">\n<p data-start=\"2539\" data-end=\"2561\"><a href=\"https:\/\/apotheke-am-rheumazentrum.de\/index.php\/schwerpunkt-rheuma\/\"><em data-start=\"2539\" data-end=\"2559\">Schwerpunkt Rheuma<\/em><\/a><\/p>\n<\/li>\n<li data-start=\"2562\" data-end=\"2585\">\n<p data-start=\"2564\" data-end=\"2585\"><a href=\"https:\/\/apotheke-am-rheumazentrum.de\/index.php\/medikationsberatung\/\"><em data-start=\"2564\" data-end=\"2585\">Medikationsberatung<\/em><\/a><\/p>\n<\/li>\n<\/ul>\n<hr data-start=\"2587\" data-end=\"2590\" \/>\n<h3 data-start=\"2592\" data-end=\"2647\">Sinnvolle Nahrungserg\u00e4nzung \u2013 sicher und abgestimmt<\/h3>\n<p data-start=\"2649\" data-end=\"2886\">Nicht jede Nahrungserg\u00e4nzung ist automatisch sinnvoll. Qualit\u00e4t, Dosierung und Kombination spielen eine entscheidende Rolle. Wir helfen Ihnen dabei, geeignete Pr\u00e4parate auszuw\u00e4hlen und unn\u00f6tige oder problematische Einnahmen zu vermeiden.<\/p>\n<p data-start=\"2888\" data-end=\"2912\">Unsere Beratung umfasst:<\/p>\n<ul data-start=\"2913\" data-end=\"3036\">\n<li data-start=\"2913\" data-end=\"2946\">\n<p data-start=\"2915\" data-end=\"2946\">Auswahl hochwertiger Produkte<\/p>\n<\/li>\n<li data-start=\"2947\" data-end=\"2969\">\n<p data-start=\"2949\" data-end=\"2969\">richtige Dosierung<\/p>\n<\/li>\n<li data-start=\"2970\" data-end=\"3010\">\n<p data-start=\"2972\" data-end=\"3010\">sichere Kombination mit Medikamenten<\/p>\n<\/li>\n<li data-start=\"3011\" data-end=\"3036\">\n<p data-start=\"3013\" data-end=\"3036\">Hinweise zur Einnahme<\/p>\n<\/li>\n<\/ul>\n<p data-start=\"3038\" data-end=\"3091\"><strong data-start=\"3041\" data-end=\"3089\">Weitere Informationen finden Sie auch unter:<\/strong><\/p>\n<ul data-start=\"3092\" data-end=\"3118\">\n<li data-start=\"3092\" data-end=\"3118\">\n<p data-start=\"3094\" data-end=\"3118\"><a href=\"https:\/\/apotheke-am-rheumazentrum.de\/index.php\/arzneimittelversorgung\/\"><em data-start=\"3094\" data-end=\"3118\">Arzneimittelversorgung<\/em><\/a><\/p>\n<\/li>\n<\/ul>\n<hr data-start=\"3120\" data-end=\"3123\" \/>\n<h3 data-start=\"3125\" data-end=\"3168\">Ganzheitliche Beratung f\u00fcr Ihren Alltag<\/h3>\n<p data-start=\"3170\" data-end=\"3344\">Ern\u00e4hrung ist mehr als einzelne N\u00e4hrstoffe. Wir betrachten Ihre Situation ganzheitlich und geben Ihnen praxisnahe Empfehlungen, die sich gut in den Alltag integrieren lassen.<\/p>\n<p data-start=\"3346\" data-end=\"3437\">Dabei stehen f\u00fcr uns Verst\u00e4ndlichkeit, Sicherheit und individuelle L\u00f6sungen im Vordergrund.<\/p>\n<p data-start=\"3439\" data-end=\"3475\"><strong data-start=\"3442\" data-end=\"3473\">Passende erg\u00e4nzende Seiten:<\/strong><\/p>\n<ul data-start=\"3476\" data-end=\"3549\">\n<li data-start=\"3476\" data-end=\"3503\">\n<p data-start=\"3478\" data-end=\"3503\"><a href=\"https:\/\/apotheke-am-rheumazentrum.de\/index.php\/vorsorge-praevention\/\"><em data-start=\"3478\" data-end=\"3501\">Vorsorge &amp; Pr\u00e4vention<\/em><\/a><\/p>\n<\/li>\n<li data-start=\"3504\" data-end=\"3523\">\n<p data-start=\"3506\" data-end=\"3523\"><a href=\"https:\/\/apotheke-am-rheumazentrum.de\/index.php\/haut-pflege\/\"><em data-start=\"3506\" data-end=\"3521\">Haut &amp; Pflege<\/em><\/a><\/p>\n<\/li>\n<li data-start=\"3524\" data-end=\"3549\">\n<p data-start=\"3526\" data-end=\"3549\"><a href=\"https:\/\/apotheke-am-rheumazentrum.de\/index.php\/gesundheit-beratung\/\"><em data-start=\"3526\" data-end=\"3549\">Gesundheit &amp; Beratung<\/em><\/a><\/p>\n<\/li>\n<\/ul>\n<hr data-start=\"3551\" data-end=\"3554\" \/>\n<h3 data-start=\"3556\" data-end=\"3617\">Unser Anspruch: Informiert entscheiden \u2013 sicher versorgen<\/h3>\n<p data-start=\"3619\" data-end=\"3866\">Unser Anspruch ist es, Ihnen Orientierung zu geben und Sie dabei zu unterst\u00fctzen, Ihre Ern\u00e4hrung und Mikron\u00e4hrstoffversorgung bewusst und sicher zu gestalten. Mit fachlichem Know-how, Erfahrung und pers\u00f6nlicher Beratung stehen wir Ihnen zur Seite.<\/p>\n","protected":false},"excerpt":{"rendered":"<p>Ern\u00e4hrung &amp; Mikron\u00e4hrstoffe Eine starke Basis f\u00fcr Gesundheit und Wohlbefinden Eine ausgewogene Ern\u00e4hrung und eine ausreichende Versorgung mit Mikron\u00e4hrstoffen sind entscheidend f\u00fcr k\u00f6rperliches Wohlbefinden, Leistungsf\u00e4higkeit und langfristige Gesundheit. In der Apotheke am RheumaZentrum Athanassios Kiroudis e.K. beraten wir Sie kompetent und individuell zu allen Fragen rund um Ern\u00e4hrung, Vitamine, Mineralstoffe und sinnvolle Nahrungserg\u00e4nzung. Unser Ziel [&hellip;]<\/p>\n","protected":false},"author":1,"featured_media":0,"parent":0,"menu_order":0,"comment_status":"closed","ping_status":"closed","template":"page-templates\/page-full-width.php","meta":{"footnotes":""},"class_list":["post-100","page","type-page","status-publish","hentry"],"_links":{"self":[{"href":"https:\/\/apotheke-am-rheumazentrum.de\/index.php\/wp-json\/wp\/v2\/pages\/100","targetHints":{"allow":["GET"]}}],"collection":[{"href":"https:\/\/apotheke-am-rheumazentrum.de\/index.php\/wp-json\/wp\/v2\/pages"}],"about":[{"href":"https:\/\/apotheke-am-rheumazentrum.de\/index.php\/wp-json\/wp\/v2\/types\/page"}],"author":[{"embeddable":true,"href":"https:\/\/apotheke-am-rheumazentrum.de\/index.php\/wp-json\/wp\/v2\/users\/1"}],"replies":[{"embeddable":true,"href":"https:\/\/apotheke-am-rheumazentrum.de\/index.php\/wp-json\/wp\/v2\/comments?post=100"}],"version-history":[{"count":3,"href":"https:\/\/apotheke-am-rheumazentrum.de\/index.php\/wp-json\/wp\/v2\/pages\/100\/revisions"}],"predecessor-version":[{"id":156,"href":"https:\/\/apotheke-am-rheumazentrum.de\/index.php\/wp-json\/wp\/v2\/pages\/100\/revisions\/156"}],"wp:attachment":[{"href":"https:\/\/apotheke-am-rheumazentrum.de\/index.php\/wp-json\/wp\/v2\/media?parent=100"}],"curies":[{"name":"wp","href":"https:\/\/api.w.org\/{rel}","templated":true}]}}